{"id":19449,"date":"2014-01-03T20:52:34","date_gmt":"2014-01-03T20:52:34","guid":{"rendered":"http:\/\/li-mac.org\/?page_id=19449"},"modified":"2014-01-05T00:57:58","modified_gmt":"2014-01-05T00:57:58","slug":"almost-all-about-picasso","status":"publish","type":"page","link":"https:\/\/li-mac.org\/es\/collection\/limac-collection\/rogelio-lopez-cuenca\/works\/almost-all-about-picasso\/","title":{"rendered":"Casi de todo Picasso"},"content":{"rendered":"<p><strong style=\"font-size: 13px; line-height: 19px;\">Casi de todo Picasso <\/strong><span style=\"font-size: 13px; line-height: 19px;\">es un ensayo visual sobre la ciudad, utilizando la f\u00f3rmula de Boris Groys, en la \u00e9poca de su reproductibilidad tur\u00edstica \u2013 y forma parte del proyecto investigaci\u00f3n y creaci\u00f3n art\u00edstica <\/span><strong style=\"font-size: 13px; line-height: 19px;\">Surviving Picasso \/ Sobrevivir a Picasso<\/strong><span style=\"font-size: 13px; line-height: 19px;\">, que toma como objeto de estudio el fen\u00f3meno desencadenado en la ciudad de M\u00e1laga a partir de la inauguraci\u00f3n en octubre de 2003 del museo dedicado al pintor; evento que, si bien no inaugura el proceso, representa el punto culminante de lo que podr\u00edamos llamar la picassizaci\u00f3n de la ciudad de M\u00e1laga \u2013 y su env\u00e9s, la no menos forzada, malague\u00f1izaci\u00f3n de la figura de Picasso.<\/span><\/p>","protected":false},"excerpt":{"rendered":"<p><strong>Rogelio L\u00f3pez Cuenca<\/strong> <small>(Espa\u00f1a,1959)<\/small><br \/>\n2010<br \/>\nInstalaci\u00f3n multimedia<br \/>\nDimensiones variables<\/p>\n<p><small>Colecci\u00f3n Fundaci\u00f3n Helga de Alvear.<br \/>\n<a href=\"http:\/\/www.juanadeaizpuru.es\/\/\/\" rel=\"external\">(Cortes\u00eda del artista y de la Galer\u00eda Juana de Aizpuru, Madrid)<\/a><\/ small><\/p>\n","protected":false},"author":3,"featured_media":19134,"parent":19207,"menu_order":63,"comment_status":"open","ping_status":"open","template":"image.php","meta":{"footnotes":""},"class_list":["post-19449","page","type-page","status-publish","has-post-thumbnail","hentry"],"_links":{"self":[{"href":"https:\/\/li-mac.org\/es\/wp-json\/wp\/v2\/pages\/19449","targetHints":{"allow":["GET"]}}],"collection":[{"href":"https:\/\/li-mac.org\/es\/wp-json\/wp\/v2\/pages"}],"about":[{"href":"https:\/\/li-mac.org\/es\/wp-json\/wp\/v2\/types\/page"}],"author":[{"embeddable":true,"href":"https:\/\/li-mac.org\/es\/wp-json\/wp\/v2\/users\/3"}],"replies":[{"embeddable":true,"href":"https:\/\/li-mac.org\/es\/wp-json\/wp\/v2\/comments?post=19449"}],"version-history":[{"count":11,"href":"https:\/\/li-mac.org\/es\/wp-json\/wp\/v2\/pages\/19449\/revisions"}],"predecessor-version":[{"id":19756,"href":"https:\/\/li-mac.org\/es\/wp-json\/wp\/v2\/pages\/19449\/revisions\/19756"}],"up":[{"embeddable":true,"href":"https:\/\/li-mac.org\/es\/wp-json\/wp\/v2\/pages\/19207"}],"wp:featuredmedia":[{"embeddable":true,"href":"https:\/\/li-mac.org\/es\/wp-json\/wp\/v2\/media\/19134"}],"wp:attachment":[{"href":"https:\/\/li-mac.org\/es\/wp-json\/wp\/v2\/media?parent=19449"}],"curies":[{"name":"wp","href":"https:\/\/api.w.org\/{rel}","templated":true}]}}