{"id":19455,"date":"2014-01-03T21:37:33","date_gmt":"2014-01-03T21:37:33","guid":{"rendered":"http:\/\/li-mac.org\/?page_id=19455"},"modified":"2014-01-05T00:55:10","modified_gmt":"2014-01-05T00:55:10","slug":"%e2%80%8b%e2%80%8bpicasso-city","status":"publish","type":"page","link":"https:\/\/li-mac.org\/es\/collection\/limac-collection\/rogelio-lopez-cuenca\/works\/%e2%80%8b%e2%80%8bpicasso-city\/","title":{"rendered":"Ciudad Picasso"},"content":{"rendered":"<p><strong style=\"font-size: 13px; line-height: 19px;\">Ciudad Picasso <\/strong><span style=\"font-size: 13px; line-height: 19px;\">es la primera formalizaci\u00f3n del proyecto de investigaci\u00f3n y creaci\u00f3n art\u00edstica <\/span><strong style=\"font-size: 13px; line-height: 19px;\">Surviving Picasso \/ Sobrevivir a Picasso<\/strong><span style=\"font-size: 13px; line-height: 19px;\">, que aborda el proceso de (re)invenci\u00f3n del imaginario de la ciudad de M\u00e1laga en torno al hecho de ser el lugar de nacimiento del m\u00e1s celebre artista del siglo XX.<\/span><\/p>\n<p><span style=\"font-size: 13px; line-height: 19px;\">La genialidad de Picasso ser\u00e1 popularmente percibida de un modo pr\u00f3ximo al del mito del rey Midas, por su capacidad de transformar cualquier cosa en oro. Cualquier empresa \u2013 y, por supuesto, la ciudad entendida como empresa que propone el capitalismo neoliberal -, ver\u00eda en el cobranding con la marca Picasso una oportunidad de negocios dif\u00edcilmente superable.\u00a0<\/span><\/p>\n<p><span style=\"font-size: 13px; line-height: 19px;\">Resulta dif\u00edcil imaginar una etiqueta m\u00e1s apropiada que la marca Picasso para apoyarse a la hora de aspirar a la competici\u00f3n entre ciudades que caracteriza a la nueva econom\u00eda postindustrial, la lucha por atraer inversiones, actividades \u201cemblem\u00e1ticas\u201d\u00a0 y visitantes en el mercado tur\u00edstico global. La probada eficacia del nombre Picasso a\u00f1ade el prestigio de su capital simb\u00f3lico tanto a un perfume como a un restaurante (dicen que es el nombre m\u00e1s utilizado en pizzer\u00edas en todo el\u00a0 mundo), o a un coche; y\u00a0 no cualquiera: en Espa\u00f1a, el Citro\u00ebn Picasso es el coche de la polic\u00eda.<\/span><\/p>","protected":false},"excerpt":{"rendered":"<p><strong>Rogelio L\u00f3pez Cuenca<\/strong> <small>(Espa\u00f1a,1959)<\/small><br \/>\n2010<br \/>\nPinturas, v\u00eddeo, fotomontajes y libro.<\/p>\n<p><small><a href=\"http:\/\/www.juanadeaizpuru.es\/\/\/\" rel=\"external\">(Cortes\u00eda del artista y de la Galer\u00eda Juana de Aizpuru , Madrid)<\/a><\/small><\/p>\n","protected":false},"author":3,"featured_media":19128,"parent":19207,"menu_order":60,"comment_status":"open","ping_status":"open","template":"image.php","meta":{"footnotes":""},"class_list":["post-19455","page","type-page","status-publish","has-post-thumbnail","hentry"],"_links":{"self":[{"href":"https:\/\/li-mac.org\/es\/wp-json\/wp\/v2\/pages\/19455","targetHints":{"allow":["GET"]}}],"collection":[{"href":"https:\/\/li-mac.org\/es\/wp-json\/wp\/v2\/pages"}],"about":[{"href":"https:\/\/li-mac.org\/es\/wp-json\/wp\/v2\/types\/page"}],"author":[{"embeddable":true,"href":"https:\/\/li-mac.org\/es\/wp-json\/wp\/v2\/users\/3"}],"replies":[{"embeddable":true,"href":"https:\/\/li-mac.org\/es\/wp-json\/wp\/v2\/comments?post=19455"}],"version-history":[{"count":10,"href":"https:\/\/li-mac.org\/es\/wp-json\/wp\/v2\/pages\/19455\/revisions"}],"predecessor-version":[{"id":19754,"href":"https:\/\/li-mac.org\/es\/wp-json\/wp\/v2\/pages\/19455\/revisions\/19754"}],"up":[{"embeddable":true,"href":"https:\/\/li-mac.org\/es\/wp-json\/wp\/v2\/pages\/19207"}],"wp:featuredmedia":[{"embeddable":true,"href":"https:\/\/li-mac.org\/es\/wp-json\/wp\/v2\/media\/19128"}],"wp:attachment":[{"href":"https:\/\/li-mac.org\/es\/wp-json\/wp\/v2\/media?parent=19455"}],"curies":[{"name":"wp","href":"https:\/\/api.w.org\/{rel}","templated":true}]}}