{"id":19464,"date":"2014-01-03T22:02:33","date_gmt":"2014-01-03T22:02:33","guid":{"rendered":"http:\/\/li-mac.org\/?page_id=19464"},"modified":"2014-01-05T01:34:27","modified_gmt":"2014-01-05T01:34:27","slug":"a-valparaiso-19632013","status":"publish","type":"page","link":"https:\/\/li-mac.org\/es\/collection\/limac-collection\/rogelio-lopez-cuenca\/works\/a-valparaiso-19632013\/","title":{"rendered":"\u00c0 Valparaiso 1963\/2013"},"content":{"rendered":"<p>La polifon\u00eda de \u00c0 Valpara\u00edso, el cortometraje rodado por Joris Ivens en esta ciudad en 1963, su fragmentaria transversalidad y su simultaneidad discursiva invita a un acercamiento que desborda el can\u00f3nico reparto de papeles entre el emisor y el receptor, entre autores y espectadores. Aqu\u00ed esa rutinaria subordinaci\u00f3n se quiebra.<\/p>\n<p>A diferencia de la com\u00fan cita que habitualmente se ha hecho de esta pel\u00edcula, esto es, seleccionando de entre sus impactantes im\u00e1genes, hemos querido prescindir por completo de las mismas para conservar s\u00f3lo el texto \u2013de autor\u00eda de Chris Marker- recurriendo, del mismo modo que en la obra original, a un montaje basado en la asociaci\u00f3n\u00a0 po\u00e9tica, en la recurrencia de elementos y alusiones,\u00a0 con una expl\u00edcita voluntad de recuperar las posibilidades creativas del d\u00e9calage entre imagen y texto, marcando en esa falla la continuidad con la ostensible desconfianza que tanto Ivens como Marker siempre mostraron hacia la supuesta transparencia e inocencia de las im\u00e1genes.<\/p>\n<p>Hoy, cuando la tecnolog\u00eda hace posible y nos incita continuamente a la incesante producci\u00f3n de fotograf\u00edas y v\u00eddeos y a su instant\u00e1nea difusi\u00f3n, precisamos m\u00e1s que nunca las palabras. Y unas palabras, como las de Marker, que se detengan en la condici\u00f3n dial\u00e9ctica de las im\u00e1genes, que superen, desborden y cuestionen su supuesta evidencia, la verit\u00e9 de aquello que podr\u00edamos llegar a pensar que est\u00e1 \u201cnaturalmente\u201d delante de nuestros ojos.<\/p>","protected":false},"excerpt":{"rendered":"<p><strong>Rogelio L\u00f3pez Cuenca<\/strong> <small>(Espa\u00f1a,1959)<\/small><br \/>\n<strong>Elo Vega<\/strong> <small>(Espa\u00f1a,1967)<\/small><br \/>\n2013<br \/>\nVideo<br \/>\n26\u201947\u201d<\/p>\n<p><small><a href=\"http:\/\/www.lopezcuenca.com\/\" rel=\"external\">(Cortesia de los  artistas)<\/a><\/small><\/p>\n","protected":false},"author":3,"featured_media":19152,"parent":19207,"menu_order":68,"comment_status":"open","ping_status":"open","template":"image.php","meta":{"footnotes":""},"class_list":["post-19464","page","type-page","status-publish","has-post-thumbnail","hentry"],"_links":{"self":[{"href":"https:\/\/li-mac.org\/es\/wp-json\/wp\/v2\/pages\/19464","targetHints":{"allow":["GET"]}}],"collection":[{"href":"https:\/\/li-mac.org\/es\/wp-json\/wp\/v2\/pages"}],"about":[{"href":"https:\/\/li-mac.org\/es\/wp-json\/wp\/v2\/types\/page"}],"author":[{"embeddable":true,"href":"https:\/\/li-mac.org\/es\/wp-json\/wp\/v2\/users\/3"}],"replies":[{"embeddable":true,"href":"https:\/\/li-mac.org\/es\/wp-json\/wp\/v2\/comments?post=19464"}],"version-history":[{"count":7,"href":"https:\/\/li-mac.org\/es\/wp-json\/wp\/v2\/pages\/19464\/revisions"}],"predecessor-version":[{"id":19763,"href":"https:\/\/li-mac.org\/es\/wp-json\/wp\/v2\/pages\/19464\/revisions\/19763"}],"up":[{"embeddable":true,"href":"https:\/\/li-mac.org\/es\/wp-json\/wp\/v2\/pages\/19207"}],"wp:featuredmedia":[{"embeddable":true,"href":"https:\/\/li-mac.org\/es\/wp-json\/wp\/v2\/media\/19152"}],"wp:attachment":[{"href":"https:\/\/li-mac.org\/es\/wp-json\/wp\/v2\/media?parent=19464"}],"curies":[{"name":"wp","href":"https:\/\/api.w.org\/{rel}","templated":true}]}}