{"id":19474,"date":"2014-01-03T22:52:24","date_gmt":"2014-01-03T22:52:24","guid":{"rendered":"http:\/\/li-mac.org\/?page_id=19474"},"modified":"2014-01-05T01:19:21","modified_gmt":"2014-01-05T01:19:21","slug":"map-of-mexico","status":"publish","type":"page","link":"https:\/\/li-mac.org\/es\/collection\/limac-collection\/rogelio-lopez-cuenca\/works\/map-of-mexico\/","title":{"rendered":"Mapa de M\u00e9xico"},"content":{"rendered":"<p><span style=\"font-size: 13px; line-height: 19px;\">Mapa de M\u00e9xico es un ensayo de altercartograf\u00eda realizado por un equipo integrado por Ra\u00fal \u00c1vila Victoria, B\u00e1rbara Cuadriello, Irving Dom\u00ednguez, Anaid Espinosa, Yadira Garc\u00eda Ayala, Eder Tabla, Mar\u00eda Laura Ise, Cristina Mart\u00ednez Lozano, Brenda Raya Isidro, Hugo Romero y M\u00f3nica A. Torres M\u00e1rquez, en un taller bajo la direcci\u00f3n de Rogelio L\u00f3pez Cuenca y la coordinaci\u00f3n de Elo Vega, realizaron, en medio de los fastos de la celebraci\u00f3n del Bicentenario de la Independencia mexicana y el Centenario de la Revoluci\u00f3n, en 2010- en el Centro Cultural de Espa\u00f1a en M\u00e9xico.<\/span><\/p>\n<p>\u00bfPuede un mapa en modo alguno representar el cambiante polimorfismo de lo descartado, lo discontinuo de las \u00e1reas ciegas en la ciudad-espect\u00e1culo? \u00bfC\u00f3mo hacer visibles las fronteras sociales que se inscriben sobre la propia piel; subrayar los discursos subterr\u00e1neos, subalternos; se\u00f1alizar los templos ambulantes donde oficia en precario el vivir sus ritos de resistencia al fulgor de las im\u00e1genes de las mercanc\u00edas globales que nos miran como miembros amputados de nuestro propio cuerpo?<\/p>\n<p>Otros mapas de la ciudad de M\u00e9xico se dibujan con tinta invisible al margen del pante\u00f3n y el calendario, y de las efem\u00e9rides y de los h\u00e9roes: mapas de interrupciones y fracturas, pasos en falso, pasos subterr\u00e1neos, pasos perdidos, pistas subalternas que vadean las grandes avenidas uniformes del desfile triunfal y sistem\u00e1tico.<\/p>","protected":false},"excerpt":{"rendered":"<p><strong>Rogelio L\u00f3pez Cuenca<\/strong> <small>(Espa\u00f1a,1959)<\/small><br \/>\n2013<br \/>\nPlano de la ciudad y sitio web:<br \/>\n<small><a href=\"http:\/\/www.mapademexico.org\/\" rel=\"external\">Mapa de Mexico<\/a><\/small><\/p>\n<p><small><a href=\"http:\/\/www.lopezcuenca.com\/\" rel=\"external\">(Cortesia de los  artistas)<\/a><\/small><\/p>\n","protected":false},"author":3,"featured_media":19142,"parent":19207,"menu_order":65,"comment_status":"open","ping_status":"open","template":"image.php","meta":{"footnotes":""},"class_list":["post-19474","page","type-page","status-publish","has-post-thumbnail","hentry"],"_links":{"self":[{"href":"https:\/\/li-mac.org\/es\/wp-json\/wp\/v2\/pages\/19474","targetHints":{"allow":["GET"]}}],"collection":[{"href":"https:\/\/li-mac.org\/es\/wp-json\/wp\/v2\/pages"}],"about":[{"href":"https:\/\/li-mac.org\/es\/wp-json\/wp\/v2\/types\/page"}],"author":[{"embeddable":true,"href":"https:\/\/li-mac.org\/es\/wp-json\/wp\/v2\/users\/3"}],"replies":[{"embeddable":true,"href":"https:\/\/li-mac.org\/es\/wp-json\/wp\/v2\/comments?post=19474"}],"version-history":[{"count":10,"href":"https:\/\/li-mac.org\/es\/wp-json\/wp\/v2\/pages\/19474\/revisions"}],"predecessor-version":[{"id":19762,"href":"https:\/\/li-mac.org\/es\/wp-json\/wp\/v2\/pages\/19474\/revisions\/19762"}],"up":[{"embeddable":true,"href":"https:\/\/li-mac.org\/es\/wp-json\/wp\/v2\/pages\/19207"}],"wp:featuredmedia":[{"embeddable":true,"href":"https:\/\/li-mac.org\/es\/wp-json\/wp\/v2\/media\/19142"}],"wp:attachment":[{"href":"https:\/\/li-mac.org\/es\/wp-json\/wp\/v2\/media?parent=19474"}],"curies":[{"name":"wp","href":"https:\/\/api.w.org\/{rel}","templated":true}]}}