{"id":1955,"date":"2011-09-01T13:29:56","date_gmt":"2011-09-01T13:29:56","guid":{"rendered":"http:\/\/li-mac.org\/wp\/"},"modified":"2012-01-18T04:12:09","modified_gmt":"2012-01-18T04:12:09","slug":"the-politics-of-aetshetics","status":"publish","type":"page","link":"https:\/\/li-mac.org\/es\/library\/text-books-philosophy-anthropology\/sociology\/the-politics-of-aetshetics\/","title":{"rendered":"Sobre pol\u00edticas est\u00e9ticas"},"content":{"rendered":"<p>Esta pintura fue hecha al tama\u00f1o original del libro \u00abSobre pol\u00edticas est\u00e9ticas\u00bb, escrito por Jacques Ranci\u00e8re. El ensayo expone las conexi\u00f3nes que el arte tiene con la pol\u00edtica. Esta edici\u00f3n en castellano fue publicada en 2005 por el <em>MACBA<\/em> (Museo de Arte Contempor\u00e1neo de Barcelona).<\/p>","protected":false},"excerpt":{"rendered":"<p><strong>Biblioteca LiMAC<\/strong><br \/>\n2009-2010<br \/>\n\u00f3leo sobre lienzo<br \/>\n20 x 13 x 0,7 cm.<\/p>\n","protected":false},"author":2,"featured_media":1092,"parent":3240,"menu_order":878,"comment_status":"open","ping_status":"open","template":"image.php","meta":{"footnotes":""},"class_list":["post-1955","page","type-page","status-publish","has-post-thumbnail","hentry"],"_links":{"self":[{"href":"https:\/\/li-mac.org\/es\/wp-json\/wp\/v2\/pages\/1955","targetHints":{"allow":["GET"]}}],"collection":[{"href":"https:\/\/li-mac.org\/es\/wp-json\/wp\/v2\/pages"}],"about":[{"href":"https:\/\/li-mac.org\/es\/wp-json\/wp\/v2\/types\/page"}],"author":[{"embeddable":true,"href":"https:\/\/li-mac.org\/es\/wp-json\/wp\/v2\/users\/2"}],"replies":[{"embeddable":true,"href":"https:\/\/li-mac.org\/es\/wp-json\/wp\/v2\/comments?post=1955"}],"version-history":[{"count":5,"href":"https:\/\/li-mac.org\/es\/wp-json\/wp\/v2\/pages\/1955\/revisions"}],"predecessor-version":[{"id":11687,"href":"https:\/\/li-mac.org\/es\/wp-json\/wp\/v2\/pages\/1955\/revisions\/11687"}],"up":[{"embeddable":true,"href":"https:\/\/li-mac.org\/es\/wp-json\/wp\/v2\/pages\/3240"}],"wp:featuredmedia":[{"embeddable":true,"href":"https:\/\/li-mac.org\/es\/wp-json\/wp\/v2\/media\/1092"}],"wp:attachment":[{"href":"https:\/\/li-mac.org\/es\/wp-json\/wp\/v2\/media?parent=1955"}],"curies":[{"name":"wp","href":"https:\/\/api.w.org\/{rel}","templated":true}]}}