{"id":1961,"date":"2011-09-01T14:13:38","date_gmt":"2011-09-01T14:13:38","guid":{"rendered":"http:\/\/li-mac.org\/wp\/"},"modified":"2012-01-18T22:53:36","modified_gmt":"2012-01-18T22:53:36","slug":"human-all-too-human","status":"publish","type":"page","link":"https:\/\/li-mac.org\/es\/library\/text-books-philosophy-anthropology\/philosophy\/human-all-too-human\/","title":{"rendered":"Humano, demasiado humano"},"content":{"rendered":"<p>Esta pintura fue hecha al tama\u00f1o original del libro \u00abHumano, demasiado humano\u00bb, escrito por Nietzsche. El libro es una argumentac\u00f3n a favor de la lucha por un ideal cultural que va m\u00e1s all\u00e1 de la moral occidental. Esta decimoquinta edici\u00f3n en castellano fue publicada por <em>EDAF<\/em> en 2003.<\/p>","protected":false},"excerpt":{"rendered":"<p><strong>Biblioteca LiMAC<\/strong><br \/>\n2009-2010<br \/>\n\u00f3leo sobre lienzo<br \/>\n18 x 11 x 1,5 cm.<\/p>\n","protected":false},"author":2,"featured_media":1030,"parent":3222,"menu_order":830,"comment_status":"open","ping_status":"open","template":"image.php","meta":{"footnotes":""},"class_list":["post-1961","page","type-page","status-publish","has-post-thumbnail","hentry"],"_links":{"self":[{"href":"https:\/\/li-mac.org\/es\/wp-json\/wp\/v2\/pages\/1961","targetHints":{"allow":["GET"]}}],"collection":[{"href":"https:\/\/li-mac.org\/es\/wp-json\/wp\/v2\/pages"}],"about":[{"href":"https:\/\/li-mac.org\/es\/wp-json\/wp\/v2\/types\/page"}],"author":[{"embeddable":true,"href":"https:\/\/li-mac.org\/es\/wp-json\/wp\/v2\/users\/2"}],"replies":[{"embeddable":true,"href":"https:\/\/li-mac.org\/es\/wp-json\/wp\/v2\/comments?post=1961"}],"version-history":[{"count":8,"href":"https:\/\/li-mac.org\/es\/wp-json\/wp\/v2\/pages\/1961\/revisions"}],"predecessor-version":[{"id":12197,"href":"https:\/\/li-mac.org\/es\/wp-json\/wp\/v2\/pages\/1961\/revisions\/12197"}],"up":[{"embeddable":true,"href":"https:\/\/li-mac.org\/es\/wp-json\/wp\/v2\/pages\/3222"}],"wp:featuredmedia":[{"embeddable":true,"href":"https:\/\/li-mac.org\/es\/wp-json\/wp\/v2\/media\/1030"}],"wp:attachment":[{"href":"https:\/\/li-mac.org\/es\/wp-json\/wp\/v2\/media?parent=1961"}],"curies":[{"name":"wp","href":"https:\/\/api.w.org\/{rel}","templated":true}]}}