{"id":1965,"date":"2011-09-01T14:42:57","date_gmt":"2011-09-01T14:42:57","guid":{"rendered":"http:\/\/li-mac.org\/wp\/"},"modified":"2012-01-18T03:59:48","modified_gmt":"2012-01-18T03:59:48","slug":"civilization-and-its-discontents","status":"publish","type":"page","link":"https:\/\/li-mac.org\/es\/library\/text-books-philosophy-anthropology\/sociology\/civilization-and-its-discontents\/","title":{"rendered":"El malestar en la cultura"},"content":{"rendered":"<p>Esta pintura fue hecha al tama\u00f1o original del libro \u00abEl malestar en la cultura\u00bb, escrito por Sigmund Freud. Este cl\u00e1sico trata el problema de la culpabilidad a trav\u00e9s del psicoan\u00e1lisis. Esta edici\u00f3n en castellano fue publicada en el a\u00f1o 2005 por la <em>Editorial Biblioteca Nueva<\/em> en Espa\u00f1a.<\/p>","protected":false},"excerpt":{"rendered":"<p><strong>Biblioteca LiMAC<\/strong><br \/>\n2009-2010<br \/>\n\u00f3leo sobre lienzo<br \/>\n21 x 13,5 x 1 cm.<\/p>\n","protected":false},"author":2,"featured_media":1007,"parent":3240,"menu_order":200,"comment_status":"open","ping_status":"open","template":"image.php","meta":{"footnotes":""},"class_list":["post-1965","page","type-page","status-publish","has-post-thumbnail","hentry"],"_links":{"self":[{"href":"https:\/\/li-mac.org\/es\/wp-json\/wp\/v2\/pages\/1965","targetHints":{"allow":["GET"]}}],"collection":[{"href":"https:\/\/li-mac.org\/es\/wp-json\/wp\/v2\/pages"}],"about":[{"href":"https:\/\/li-mac.org\/es\/wp-json\/wp\/v2\/types\/page"}],"author":[{"embeddable":true,"href":"https:\/\/li-mac.org\/es\/wp-json\/wp\/v2\/users\/2"}],"replies":[{"embeddable":true,"href":"https:\/\/li-mac.org\/es\/wp-json\/wp\/v2\/comments?post=1965"}],"version-history":[{"count":7,"href":"https:\/\/li-mac.org\/es\/wp-json\/wp\/v2\/pages\/1965\/revisions"}],"predecessor-version":[{"id":11670,"href":"https:\/\/li-mac.org\/es\/wp-json\/wp\/v2\/pages\/1965\/revisions\/11670"}],"up":[{"embeddable":true,"href":"https:\/\/li-mac.org\/es\/wp-json\/wp\/v2\/pages\/3240"}],"wp:featuredmedia":[{"embeddable":true,"href":"https:\/\/li-mac.org\/es\/wp-json\/wp\/v2\/media\/1007"}],"wp:attachment":[{"href":"https:\/\/li-mac.org\/es\/wp-json\/wp\/v2\/media?parent=1965"}],"curies":[{"name":"wp","href":"https:\/\/api.w.org\/{rel}","templated":true}]}}