{"id":1967,"date":"2011-09-01T14:51:26","date_gmt":"2011-09-01T14:51:26","guid":{"rendered":"http:\/\/li-mac.org\/wp\/"},"modified":"2012-01-18T04:06:06","modified_gmt":"2012-01-18T04:06:06","slug":"next","status":"publish","type":"page","link":"https:\/\/li-mac.org\/es\/library\/text-books-philosophy-anthropology\/sociology\/next\/","title":{"rendered":"Next"},"content":{"rendered":"<p>Esta pintura fue hecha al tama\u00f1o original del libro \u00abNext\u00bb, escrito por el novelista Alessandro Baricco. En este ensayo, el autor se pregunta si existe una globalizaci\u00f3n y si es as\u00ed, cu\u00e1les ser\u00edan sus consecuencias. Esta segunda edici\u00f3n en castellano fue publicada en 2002 por <em>Anagrama<\/em>.<\/p>","protected":false},"excerpt":{"rendered":"<p><strong>Biblioteca LiMAC<\/strong><br \/>\n2009-2010<br \/>\n\u00f3leo sobre lienzo<br \/>\n22 x 14 x 1 cm.<\/p>\n","protected":false},"author":2,"featured_media":1049,"parent":3240,"menu_order":221,"comment_status":"open","ping_status":"open","template":"image.php","meta":{"footnotes":""},"class_list":["post-1967","page","type-page","status-publish","has-post-thumbnail","hentry"],"_links":{"self":[{"href":"https:\/\/li-mac.org\/es\/wp-json\/wp\/v2\/pages\/1967","targetHints":{"allow":["GET"]}}],"collection":[{"href":"https:\/\/li-mac.org\/es\/wp-json\/wp\/v2\/pages"}],"about":[{"href":"https:\/\/li-mac.org\/es\/wp-json\/wp\/v2\/types\/page"}],"author":[{"embeddable":true,"href":"https:\/\/li-mac.org\/es\/wp-json\/wp\/v2\/users\/2"}],"replies":[{"embeddable":true,"href":"https:\/\/li-mac.org\/es\/wp-json\/wp\/v2\/comments?post=1967"}],"version-history":[{"count":4,"href":"https:\/\/li-mac.org\/es\/wp-json\/wp\/v2\/pages\/1967\/revisions"}],"predecessor-version":[{"id":11679,"href":"https:\/\/li-mac.org\/es\/wp-json\/wp\/v2\/pages\/1967\/revisions\/11679"}],"up":[{"embeddable":true,"href":"https:\/\/li-mac.org\/es\/wp-json\/wp\/v2\/pages\/3240"}],"wp:featuredmedia":[{"embeddable":true,"href":"https:\/\/li-mac.org\/es\/wp-json\/wp\/v2\/media\/1049"}],"wp:attachment":[{"href":"https:\/\/li-mac.org\/es\/wp-json\/wp\/v2\/media?parent=1967"}],"curies":[{"name":"wp","href":"https:\/\/api.w.org\/{rel}","templated":true}]}}