{"id":1969,"date":"2011-09-01T14:54:33","date_gmt":"2011-09-01T14:54:33","guid":{"rendered":"http:\/\/li-mac.org\/wp\/"},"modified":"2012-01-18T04:17:48","modified_gmt":"2012-01-18T04:17:48","slug":"the-truth-of-democracy","status":"publish","type":"page","link":"https:\/\/li-mac.org\/es\/library\/text-books-philosophy-anthropology\/sociology\/the-truth-of-democracy\/","title":{"rendered":"La verdad de la democracia"},"content":{"rendered":"<p>Esta pintura fue hecha al tama\u00f1o original del libro \u00abLa verdad de la democacia\u00bb, escrito por el fil\u00f3sofo Jean-Luc Nancy. En este ensayo, Nancy aclara que la forma real de hacer democracia es crear espacios abiertos que permiten inventar nuevas formas de hacer pol\u00edtica. Esta edici\u00f3n en espa\u00f1ol fue publicada por <em>Amorrortu<\/em> <em>editores<\/em> en 2009.<\/p>","protected":false},"excerpt":{"rendered":"<p><strong>Biblioteca LiMAC<\/strong><br \/>\n2009-2010<br \/>\n\u00f3leo sobre lienzo<br \/>\n19,5 x 11,5 x 1 cm.<\/p>\n","protected":false},"author":2,"featured_media":1071,"parent":3240,"menu_order":922,"comment_status":"open","ping_status":"open","template":"image.php","meta":{"footnotes":""},"class_list":["post-1969","page","type-page","status-publish","has-post-thumbnail","hentry"],"_links":{"self":[{"href":"https:\/\/li-mac.org\/es\/wp-json\/wp\/v2\/pages\/1969","targetHints":{"allow":["GET"]}}],"collection":[{"href":"https:\/\/li-mac.org\/es\/wp-json\/wp\/v2\/pages"}],"about":[{"href":"https:\/\/li-mac.org\/es\/wp-json\/wp\/v2\/types\/page"}],"author":[{"embeddable":true,"href":"https:\/\/li-mac.org\/es\/wp-json\/wp\/v2\/users\/2"}],"replies":[{"embeddable":true,"href":"https:\/\/li-mac.org\/es\/wp-json\/wp\/v2\/comments?post=1969"}],"version-history":[{"count":6,"href":"https:\/\/li-mac.org\/es\/wp-json\/wp\/v2\/pages\/1969\/revisions"}],"predecessor-version":[{"id":1971,"href":"https:\/\/li-mac.org\/es\/wp-json\/wp\/v2\/pages\/1969\/revisions\/1971"}],"up":[{"embeddable":true,"href":"https:\/\/li-mac.org\/es\/wp-json\/wp\/v2\/pages\/3240"}],"wp:featuredmedia":[{"embeddable":true,"href":"https:\/\/li-mac.org\/es\/wp-json\/wp\/v2\/media\/1071"}],"wp:attachment":[{"href":"https:\/\/li-mac.org\/es\/wp-json\/wp\/v2\/media?parent=1969"}],"curies":[{"name":"wp","href":"https:\/\/api.w.org\/{rel}","templated":true}]}}