{"id":1975,"date":"2011-09-01T15:46:41","date_gmt":"2011-09-01T15:46:41","guid":{"rendered":"http:\/\/li-mac.org\/wp\/"},"modified":"2012-01-18T22:54:02","modified_gmt":"2012-01-18T22:54:02","slug":"logic-ii-iii","status":"publish","type":"page","link":"https:\/\/li-mac.org\/es\/library\/text-books-philosophy-anthropology\/philosophy\/logic-ii-iii\/","title":{"rendered":"L\u00f3gica II &#038; III"},"content":{"rendered":"<p>Esta pintura fue hecha al tama\u00f1o original del libro \u00abL\u00f3gica II y III\u00bb, escrito por Hegel. Este libro sienta las bases de las herramientas conceptuales que Hegel utilizar\u00e1 para crear su ser aut\u00f3nomo y absoluto. La edici\u00f3n en espa\u00f1ol fue publicada por <em>Folio<\/em> en 2002.<\/p>","protected":false},"excerpt":{"rendered":"<p><strong>Biblioteca LiMAC<\/strong><br \/>\n2009-2010<br \/>\n\u00f3leo sobre lienzo<br \/>\n19 x 12 x 1,5 cm.<\/p>\n","protected":false},"author":2,"featured_media":1038,"parent":3222,"menu_order":832,"comment_status":"open","ping_status":"open","template":"image.php","meta":{"footnotes":""},"class_list":["post-1975","page","type-page","status-publish","has-post-thumbnail","hentry"],"_links":{"self":[{"href":"https:\/\/li-mac.org\/es\/wp-json\/wp\/v2\/pages\/1975","targetHints":{"allow":["GET"]}}],"collection":[{"href":"https:\/\/li-mac.org\/es\/wp-json\/wp\/v2\/pages"}],"about":[{"href":"https:\/\/li-mac.org\/es\/wp-json\/wp\/v2\/types\/page"}],"author":[{"embeddable":true,"href":"https:\/\/li-mac.org\/es\/wp-json\/wp\/v2\/users\/2"}],"replies":[{"embeddable":true,"href":"https:\/\/li-mac.org\/es\/wp-json\/wp\/v2\/comments?post=1975"}],"version-history":[{"count":8,"href":"https:\/\/li-mac.org\/es\/wp-json\/wp\/v2\/pages\/1975\/revisions"}],"predecessor-version":[{"id":12199,"href":"https:\/\/li-mac.org\/es\/wp-json\/wp\/v2\/pages\/1975\/revisions\/12199"}],"up":[{"embeddable":true,"href":"https:\/\/li-mac.org\/es\/wp-json\/wp\/v2\/pages\/3222"}],"wp:featuredmedia":[{"embeddable":true,"href":"https:\/\/li-mac.org\/es\/wp-json\/wp\/v2\/media\/1038"}],"wp:attachment":[{"href":"https:\/\/li-mac.org\/es\/wp-json\/wp\/v2\/media?parent=1975"}],"curies":[{"name":"wp","href":"https:\/\/api.w.org\/{rel}","templated":true}]}}