{"id":1977,"date":"2011-09-01T16:00:04","date_gmt":"2011-09-01T16:00:04","guid":{"rendered":"http:\/\/li-mac.org\/wp\/"},"modified":"2012-01-18T03:00:40","modified_gmt":"2012-01-18T03:00:40","slug":"culture-and-simulacra","status":"publish","type":"page","link":"https:\/\/li-mac.org\/es\/library\/text-books-philosophy-anthropology\/cultural-theory\/culture-and-simulacra\/","title":{"rendered":"Cultura y simulacro"},"content":{"rendered":"<p>Esta pintura fue hecha al tama\u00f1o original del libro \u00abCultura y simulacro\u00bb, escrito por Jean Baudrillard. El libro incluye cuatro ensayos en los cuales se explica como las simulaci\u00f3n anula los flujos en la sociedad. Esta tercera edici\u00f3n en castellano se public\u00f3 en 1987 por <em>Kair\u00f3s<\/em>.<\/p>","protected":false},"excerpt":{"rendered":"<p><strong>Biblioteca LiMAC<\/strong><br \/>\n2009-2010<br \/>\n\u00f3leo sobre lienzo<br \/>\n20 x 13 x 1,5 cm.<\/p>\n","protected":false},"author":2,"featured_media":1090,"parent":3264,"menu_order":261,"comment_status":"open","ping_status":"open","template":"image.php","meta":{"footnotes":""},"class_list":["post-1977","page","type-page","status-publish","has-post-thumbnail","hentry"],"_links":{"self":[{"href":"https:\/\/li-mac.org\/es\/wp-json\/wp\/v2\/pages\/1977","targetHints":{"allow":["GET"]}}],"collection":[{"href":"https:\/\/li-mac.org\/es\/wp-json\/wp\/v2\/pages"}],"about":[{"href":"https:\/\/li-mac.org\/es\/wp-json\/wp\/v2\/types\/page"}],"author":[{"embeddable":true,"href":"https:\/\/li-mac.org\/es\/wp-json\/wp\/v2\/users\/2"}],"replies":[{"embeddable":true,"href":"https:\/\/li-mac.org\/es\/wp-json\/wp\/v2\/comments?post=1977"}],"version-history":[{"count":6,"href":"https:\/\/li-mac.org\/es\/wp-json\/wp\/v2\/pages\/1977\/revisions"}],"predecessor-version":[{"id":11612,"href":"https:\/\/li-mac.org\/es\/wp-json\/wp\/v2\/pages\/1977\/revisions\/11612"}],"up":[{"embeddable":true,"href":"https:\/\/li-mac.org\/es\/wp-json\/wp\/v2\/pages\/3264"}],"wp:featuredmedia":[{"embeddable":true,"href":"https:\/\/li-mac.org\/es\/wp-json\/wp\/v2\/media\/1090"}],"wp:attachment":[{"href":"https:\/\/li-mac.org\/es\/wp-json\/wp\/v2\/media?parent=1977"}],"curies":[{"name":"wp","href":"https:\/\/api.w.org\/{rel}","templated":true}]}}