{"id":1980,"date":"2011-09-01T16:27:10","date_gmt":"2011-09-01T16:27:10","guid":{"rendered":"http:\/\/li-mac.org\/wp\/"},"modified":"2012-01-18T22:52:38","modified_gmt":"2012-01-18T22:52:38","slug":"beyond-good-and-evil","status":"publish","type":"page","link":"https:\/\/li-mac.org\/es\/library\/text-books-philosophy-anthropology\/philosophy\/beyond-good-and-evil\/","title":{"rendered":"M\u00e1s all\u00e1 del bien y del mal"},"content":{"rendered":"<p>Esta pintura fue hecha al tama\u00f1o original del libro \u00abM\u00e1s all\u00e1 del bien y del mal\u00bb, escrito por Nietzsche. El libro propone una \u00abfilosof\u00eda del futuro\u00bb con el fin de proponer valores libertarios a los hombres. Esta edici\u00f3n fue publicada en 2002 por <em>Folio<\/em>.<\/p>","protected":false},"excerpt":{"rendered":"<p><strong>Biblioteca LiMAC<\/strong><br \/>\n2009-2010<br \/>\n\u00f3leo sobre lienzo<br \/>\n19 x 12,5 x 2 cm.<\/p>\n","protected":false},"author":2,"featured_media":1032,"parent":3222,"menu_order":226,"comment_status":"open","ping_status":"open","template":"image.php","meta":{"footnotes":""},"class_list":["post-1980","page","type-page","status-publish","has-post-thumbnail","hentry"],"_links":{"self":[{"href":"https:\/\/li-mac.org\/es\/wp-json\/wp\/v2\/pages\/1980","targetHints":{"allow":["GET"]}}],"collection":[{"href":"https:\/\/li-mac.org\/es\/wp-json\/wp\/v2\/pages"}],"about":[{"href":"https:\/\/li-mac.org\/es\/wp-json\/wp\/v2\/types\/page"}],"author":[{"embeddable":true,"href":"https:\/\/li-mac.org\/es\/wp-json\/wp\/v2\/users\/2"}],"replies":[{"embeddable":true,"href":"https:\/\/li-mac.org\/es\/wp-json\/wp\/v2\/comments?post=1980"}],"version-history":[{"count":8,"href":"https:\/\/li-mac.org\/es\/wp-json\/wp\/v2\/pages\/1980\/revisions"}],"predecessor-version":[{"id":12196,"href":"https:\/\/li-mac.org\/es\/wp-json\/wp\/v2\/pages\/1980\/revisions\/12196"}],"up":[{"embeddable":true,"href":"https:\/\/li-mac.org\/es\/wp-json\/wp\/v2\/pages\/3222"}],"wp:featuredmedia":[{"embeddable":true,"href":"https:\/\/li-mac.org\/es\/wp-json\/wp\/v2\/media\/1032"}],"wp:attachment":[{"href":"https:\/\/li-mac.org\/es\/wp-json\/wp\/v2\/media?parent=1980"}],"curies":[{"name":"wp","href":"https:\/\/api.w.org\/{rel}","templated":true}]}}