{"id":1982,"date":"2011-09-01T16:37:23","date_gmt":"2011-09-01T16:37:23","guid":{"rendered":"http:\/\/li-mac.org\/wp\/"},"modified":"2012-01-18T03:46:35","modified_gmt":"2012-01-18T03:46:35","slug":"provisional-thesis-for-the-reform-of-philosophy","status":"publish","type":"page","link":"https:\/\/li-mac.org\/es\/library\/text-books-philosophy-anthropology\/philosophy\/provisional-thesis-for-the-reform-of-philosophy\/","title":{"rendered":"Tesis provisionales para la reforma de la filosof\u00eda"},"content":{"rendered":"<p>Esta pintura fue hecha al tama\u00f1o original del libro \u00abTesis provisionales para la Reforma de la filosof\u00eda\u00bb, escrito por Ludwig Feuerbach en 1842. El ensayo argumenta que el hombre, quien cre\u00f3 a Dios, tiene que liberarse de su propia alienaci\u00f3n. Esta edici\u00f3n fue publicada en 2002 por <em>Folio<\/em>.<\/p>","protected":false},"excerpt":{"rendered":"<p><strong>Biblioteca LiMAC<\/strong><br \/>\n2009-2010<br \/>\n\u00f3leo sobre lienzo<br \/>\n19 x 12 x 1 cm.<\/p>\n","protected":false},"author":2,"featured_media":1033,"parent":3222,"menu_order":837,"comment_status":"open","ping_status":"open","template":"image.php","meta":{"footnotes":""},"class_list":["post-1982","page","type-page","status-publish","has-post-thumbnail","hentry"],"_links":{"self":[{"href":"https:\/\/li-mac.org\/es\/wp-json\/wp\/v2\/pages\/1982","targetHints":{"allow":["GET"]}}],"collection":[{"href":"https:\/\/li-mac.org\/es\/wp-json\/wp\/v2\/pages"}],"about":[{"href":"https:\/\/li-mac.org\/es\/wp-json\/wp\/v2\/types\/page"}],"author":[{"embeddable":true,"href":"https:\/\/li-mac.org\/es\/wp-json\/wp\/v2\/users\/2"}],"replies":[{"embeddable":true,"href":"https:\/\/li-mac.org\/es\/wp-json\/wp\/v2\/comments?post=1982"}],"version-history":[{"count":7,"href":"https:\/\/li-mac.org\/es\/wp-json\/wp\/v2\/pages\/1982\/revisions"}],"predecessor-version":[{"id":11657,"href":"https:\/\/li-mac.org\/es\/wp-json\/wp\/v2\/pages\/1982\/revisions\/11657"}],"up":[{"embeddable":true,"href":"https:\/\/li-mac.org\/es\/wp-json\/wp\/v2\/pages\/3222"}],"wp:featuredmedia":[{"embeddable":true,"href":"https:\/\/li-mac.org\/es\/wp-json\/wp\/v2\/media\/1033"}],"wp:attachment":[{"href":"https:\/\/li-mac.org\/es\/wp-json\/wp\/v2\/media?parent=1982"}],"curies":[{"name":"wp","href":"https:\/\/api.w.org\/{rel}","templated":true}]}}