{"id":19843,"date":"2014-01-09T17:09:50","date_gmt":"2014-01-09T17:09:50","guid":{"rendered":"http:\/\/li-mac.org\/?page_id=19843"},"modified":"2014-11-03T11:21:48","modified_gmt":"2014-11-03T11:21:48","slug":"the-band-of-seven","status":"publish","type":"page","link":"https:\/\/li-mac.org\/es\/collection\/limac-collection\/sara-ramo\/works\/the-band-of-seven\/","title":{"rendered":"La Banda de los siete"},"content":{"rendered":"<p><span style=\"font-size: 13px; line-height: 19px;\">Un grupo de m\u00fasicos se mueven alrededor de un muro describiendo una circunferencia, apareciendo y desapareciendo en combinaciones aleatorias, alterando la composici\u00f3n de la m\u00fasica tocada con sus instrumentos. Inspirado en los mecanismos de una caja de m\u00fasica, la repetici\u00f3n circular es a la vez continua y err\u00e1tica, jugando con la memoria del espectador y las expectativas sensoriales instigadas por del signo de la repetici\u00f3n. Sus extra\u00f1as ropas y m\u00e1scaras fabricadas con tela, cart\u00f3n y paja, producen una est\u00e9tica de po\u00e9tica y fantas\u00eda, otro acto mundano realizado en su deslizamiento sin esfuerzo alrededor de la pared. Una banda de anti-heroes, como la artista los llama. Estos caracteres cambian elementos de sus atributos f\u00edsicos as\u00ed como el orden de aparici\u00f3n cada vez que ellos reaparecen desde detr\u00e1s de la pared: aunque ellos sean parte de un sistema de repetici\u00f3n mec\u00e1nico, los cambios introducen incongruencias inesperadas. La repetici\u00f3n y la diferencia ocurren simult\u00e1neamente. A ratos todos los elementos compositivos (sonido, imagen, y tempo) operan en t\u00e1ndem unos con los otros, a veces ellos se disocian, superponi\u00e9ndose o separ\u00e1ndose. Como en un tren fantasma, una vez que los m\u00fasicos dejan la escena, prosiguen con un rumbo desconocido, que puede ser la continuaci\u00f3n de la circulaci\u00f3n continua alrededor de la pared o alg\u00fan otro viaje m\u00e1s distante.<\/span><\/p>","protected":false},"excerpt":{"rendered":"<p><strong>Sara Ramo<\/strong> <small>(Brasil \/ Espa\u00f1a,1975)<\/small><br \/>\n2010<br \/>\nHD video digital, color, sonido<br \/>\n20\u201935\u201d<\/p>\n<p><small>(Cortes\u00eda del artista)<\/small><\/p>\n","protected":false},"author":3,"featured_media":19497,"parent":19837,"menu_order":57,"comment_status":"closed","ping_status":"closed","template":"image.php","meta":{"footnotes":""},"class_list":["post-19843","page","type-page","status-publish","has-post-thumbnail","hentry"],"_links":{"self":[{"href":"https:\/\/li-mac.org\/es\/wp-json\/wp\/v2\/pages\/19843","targetHints":{"allow":["GET"]}}],"collection":[{"href":"https:\/\/li-mac.org\/es\/wp-json\/wp\/v2\/pages"}],"about":[{"href":"https:\/\/li-mac.org\/es\/wp-json\/wp\/v2\/types\/page"}],"author":[{"embeddable":true,"href":"https:\/\/li-mac.org\/es\/wp-json\/wp\/v2\/users\/3"}],"replies":[{"embeddable":true,"href":"https:\/\/li-mac.org\/es\/wp-json\/wp\/v2\/comments?post=19843"}],"version-history":[{"count":15,"href":"https:\/\/li-mac.org\/es\/wp-json\/wp\/v2\/pages\/19843\/revisions"}],"predecessor-version":[{"id":20844,"href":"https:\/\/li-mac.org\/es\/wp-json\/wp\/v2\/pages\/19843\/revisions\/20844"}],"up":[{"embeddable":true,"href":"https:\/\/li-mac.org\/es\/wp-json\/wp\/v2\/pages\/19837"}],"wp:featuredmedia":[{"embeddable":true,"href":"https:\/\/li-mac.org\/es\/wp-json\/wp\/v2\/media\/19497"}],"wp:attachment":[{"href":"https:\/\/li-mac.org\/es\/wp-json\/wp\/v2\/media?parent=19843"}],"curies":[{"name":"wp","href":"https:\/\/api.w.org\/{rel}","templated":true}]}}