{"id":1986,"date":"2011-09-01T17:00:25","date_gmt":"2011-09-01T17:00:25","guid":{"rendered":"http:\/\/li-mac.org\/wp\/"},"modified":"2012-01-18T03:59:05","modified_gmt":"2012-01-18T03:59:05","slug":"beyond-blade-runner","status":"publish","type":"page","link":"https:\/\/li-mac.org\/es\/library\/text-books-philosophy-anthropology\/sociology\/beyond-blade-runner\/","title":{"rendered":"M\u00e1s all\u00e1 de Blade Runner"},"content":{"rendered":"<p>Esta pintura fue hecha al tama\u00f1o original del libro \u00abM\u00e1s all\u00e1 de Blade Runner\u00bb, escrito por Mike Davis. El libro analiza el urbanismo de Los Angeles y argumenta que la division de los barrios crea un estado constante de conflicto social. Esta edici\u00f3n en franc\u00e9s fue publicado por tercera vez por <em>Allia<\/em> en 2007.<\/p>","protected":false},"excerpt":{"rendered":"<p><strong>Biblioteca LiMAC<\/strong><br \/>\n2009-2010<br \/>\n\u00f3leo sobre lienzo<br \/>\n17 x 10 x 1 cm.<\/p>\n","protected":false},"author":2,"featured_media":1068,"parent":3240,"menu_order":192,"comment_status":"open","ping_status":"open","template":"image.php","meta":{"footnotes":""},"class_list":["post-1986","page","type-page","status-publish","has-post-thumbnail","hentry"],"_links":{"self":[{"href":"https:\/\/li-mac.org\/es\/wp-json\/wp\/v2\/pages\/1986","targetHints":{"allow":["GET"]}}],"collection":[{"href":"https:\/\/li-mac.org\/es\/wp-json\/wp\/v2\/pages"}],"about":[{"href":"https:\/\/li-mac.org\/es\/wp-json\/wp\/v2\/types\/page"}],"author":[{"embeddable":true,"href":"https:\/\/li-mac.org\/es\/wp-json\/wp\/v2\/users\/2"}],"replies":[{"embeddable":true,"href":"https:\/\/li-mac.org\/es\/wp-json\/wp\/v2\/comments?post=1986"}],"version-history":[{"count":7,"href":"https:\/\/li-mac.org\/es\/wp-json\/wp\/v2\/pages\/1986\/revisions"}],"predecessor-version":[{"id":11668,"href":"https:\/\/li-mac.org\/es\/wp-json\/wp\/v2\/pages\/1986\/revisions\/11668"}],"up":[{"embeddable":true,"href":"https:\/\/li-mac.org\/es\/wp-json\/wp\/v2\/pages\/3240"}],"wp:featuredmedia":[{"embeddable":true,"href":"https:\/\/li-mac.org\/es\/wp-json\/wp\/v2\/media\/1068"}],"wp:attachment":[{"href":"https:\/\/li-mac.org\/es\/wp-json\/wp\/v2\/media?parent=1986"}],"curies":[{"name":"wp","href":"https:\/\/api.w.org\/{rel}","templated":true}]}}