{"id":19883,"date":"2014-01-10T03:33:32","date_gmt":"2014-01-10T03:33:32","guid":{"rendered":"http:\/\/li-mac.org\/?page_id=19883"},"modified":"2014-11-03T11:46:46","modified_gmt":"2014-11-03T11:46:46","slug":"geography-of-reserve-or-the-wealth-of-others","status":"publish","type":"page","link":"https:\/\/li-mac.org\/es\/collection\/limac-collection\/sara-ramo\/works\/geography-of-reserve-or-the-wealth-of-others\/","title":{"rendered":"Geografia del lastre o la riqueza de los otros"},"content":{"rendered":"<p>Instalaci\u00f3n realizada en el CCBB de S\u00e3o Paulo (Centro Cultural Del Banco de Brasil), dentro de la exposici\u00f3n: Planos de Fuga curada por Jochen Volz y Rodrigo Moura. Este lugar, fue uno de los primeros bancos existentes en Brasil y conserva intacto el cofre, que actualmente es una sala de exposiciones. El espacio es un pasillo en espiral que va a dar al interior de la caja fuerte. Este trabajo funciona como un circuito donde se van pasando por diferentes momentos, todos relacionados con la fuerza de trabajo y la construcci\u00f3n. Es una especie de reforma aleatoria y sin sentido aparente, que acaba creando una sensaci\u00f3n de laberinto. Todos los elementos y objetos que podemos ver dentro de la instalaci\u00f3n han surgido del propio proceso de construcci\u00f3n y montaje, son los envoltorios (sacos vac\u00edos de cemento\u2026etc), las herramientas y las ropas de los trabajadores que han quedado dentro del espacio.<\/p>","protected":false},"excerpt":{"rendered":"<p><strong>Sara Ramo<\/strong> <small>(Brasil \/ Espa\u00f1a,1975)<\/small><br \/>\n2012<br \/>\nInstalaci\u00f3n espec\u00edfica<br \/>\nMateriales de construcci\u00f3n, material de restos de obras (ladrillos, cemento, pladur, moqueta..etc) y purpurina.<br \/>\n230 m2 de \u00e1rea<\/p>\n<p><small>(Cortes\u00eda del artista)<\/small><\/p>\n","protected":false},"author":3,"featured_media":19581,"parent":19837,"menu_order":64,"comment_status":"open","ping_status":"open","template":"image.php","meta":{"footnotes":""},"class_list":["post-19883","page","type-page","status-publish","has-post-thumbnail","hentry"],"_links":{"self":[{"href":"https:\/\/li-mac.org\/es\/wp-json\/wp\/v2\/pages\/19883","targetHints":{"allow":["GET"]}}],"collection":[{"href":"https:\/\/li-mac.org\/es\/wp-json\/wp\/v2\/pages"}],"about":[{"href":"https:\/\/li-mac.org\/es\/wp-json\/wp\/v2\/types\/page"}],"author":[{"embeddable":true,"href":"https:\/\/li-mac.org\/es\/wp-json\/wp\/v2\/users\/3"}],"replies":[{"embeddable":true,"href":"https:\/\/li-mac.org\/es\/wp-json\/wp\/v2\/comments?post=19883"}],"version-history":[{"count":13,"href":"https:\/\/li-mac.org\/es\/wp-json\/wp\/v2\/pages\/19883\/revisions"}],"predecessor-version":[{"id":20854,"href":"https:\/\/li-mac.org\/es\/wp-json\/wp\/v2\/pages\/19883\/revisions\/20854"}],"up":[{"embeddable":true,"href":"https:\/\/li-mac.org\/es\/wp-json\/wp\/v2\/pages\/19837"}],"wp:featuredmedia":[{"embeddable":true,"href":"https:\/\/li-mac.org\/es\/wp-json\/wp\/v2\/media\/19581"}],"wp:attachment":[{"href":"https:\/\/li-mac.org\/es\/wp-json\/wp\/v2\/media?parent=19883"}],"curies":[{"name":"wp","href":"https:\/\/api.w.org\/{rel}","templated":true}]}}