{"id":19885,"date":"2014-01-10T03:59:12","date_gmt":"2014-01-10T03:59:12","guid":{"rendered":"http:\/\/li-mac.org\/?page_id=19885"},"modified":"2014-11-03T11:16:11","modified_gmt":"2014-11-03T11:16:11","slug":"hansel-and-gretel%c2%b4s-house","status":"publish","type":"page","link":"https:\/\/li-mac.org\/es\/collection\/limac-collection\/sara-ramo\/works\/hansel-and-gretel%c2%b4s-house\/","title":{"rendered":"La casa de Hansel y Gretel"},"content":{"rendered":"<p>El punto de inicio de este trabajo es el cuento de Hansel y Gretel. En la historia, dos ni\u00f1os tienen que enfrentarse a un mundo desconocido. En una situaci\u00f3n de soledad, ellos tienen que ser autosuficientes para enfrentearse al problema. El espacio de este mundo desconocido es proyectado en una casa de caramelos y chocolate, pero este sitio no es lo que parece: el para\u00edso se convierte en una amenaza.<\/p>\n<p>La casa de Hansel y Gretel es una instalaci\u00f3n especialmente concebida para una casa peque\u00f1a y abandonada situada en Virgin\u02bcs Gardens, un \u00e1rea nueva del Arsenale, inaugurada a finales del 53. Bienalle di Venezia. El trabajo se divide en las tres habitaciones de la peque\u00f1a casa. Cada habitaci\u00f3n tiene una propuesta diferente; El p\u00fablico entra a la casa por la primera habitaci\u00f3n y la abandona por la \u00faltima. La propuesta trata de establecer v\u00ednculos po\u00e9ticos entre los espacios y las diferentes experiencias que el p\u00fablico puede tener en cada habitaci\u00f3n as\u00ed como experimentar los significados simb\u00f3licos de la historia.<\/p>","protected":false},"excerpt":{"rendered":"<p><strong>Sara Ramo<\/strong> <small>(Brasil \/ Espa\u00f1a,1975)<\/small><br \/>\n2009<br \/>\nT\u00e9cnica mixta (realizado en una casa abandonada)<br \/>\nTelevision, caramelos, piedras, horno<br \/>\nDimensiones variables <\/p>\n<p><small>(Cortes\u00eda del artista)<\/small><\/p>\n","protected":false},"author":3,"featured_media":19588,"parent":19837,"menu_order":56,"comment_status":"open","ping_status":"open","template":"image.php","meta":{"footnotes":""},"class_list":["post-19885","page","type-page","status-publish","has-post-thumbnail","hentry"],"_links":{"self":[{"href":"https:\/\/li-mac.org\/es\/wp-json\/wp\/v2\/pages\/19885","targetHints":{"allow":["GET"]}}],"collection":[{"href":"https:\/\/li-mac.org\/es\/wp-json\/wp\/v2\/pages"}],"about":[{"href":"https:\/\/li-mac.org\/es\/wp-json\/wp\/v2\/types\/page"}],"author":[{"embeddable":true,"href":"https:\/\/li-mac.org\/es\/wp-json\/wp\/v2\/users\/3"}],"replies":[{"embeddable":true,"href":"https:\/\/li-mac.org\/es\/wp-json\/wp\/v2\/comments?post=19885"}],"version-history":[{"count":14,"href":"https:\/\/li-mac.org\/es\/wp-json\/wp\/v2\/pages\/19885\/revisions"}],"predecessor-version":[{"id":20840,"href":"https:\/\/li-mac.org\/es\/wp-json\/wp\/v2\/pages\/19885\/revisions\/20840"}],"up":[{"embeddable":true,"href":"https:\/\/li-mac.org\/es\/wp-json\/wp\/v2\/pages\/19837"}],"wp:featuredmedia":[{"embeddable":true,"href":"https:\/\/li-mac.org\/es\/wp-json\/wp\/v2\/media\/19588"}],"wp:attachment":[{"href":"https:\/\/li-mac.org\/es\/wp-json\/wp\/v2\/media?parent=19885"}],"curies":[{"name":"wp","href":"https:\/\/api.w.org\/{rel}","templated":true}]}}