{"id":19906,"date":"2014-01-10T14:43:50","date_gmt":"2014-01-10T14:43:50","guid":{"rendered":"http:\/\/li-mac.org\/?page_id=19906"},"modified":"2014-11-04T10:31:07","modified_gmt":"2014-11-04T10:31:07","slug":"background-panel","status":"publish","type":"page","link":"https:\/\/li-mac.org\/es\/collection\/limac-collection\/sara-ramo\/works\/background-panel\/","title":{"rendered":"Tela de fondo"},"content":{"rendered":"","protected":false},"excerpt":{"rendered":"<p><strong>Sara Ramo<\/strong> <small>(Brasil \/ Espa\u00f1a,1975)<\/small><br \/>\n 2012<br \/>\nInstalaci\u00f3n<br \/>\nT\u00e9cnica mixta<br \/>\nPanel para exhibiciones (de los paneles existentes en la Galeria fortes Vilaca)<br \/>\nInstalaci\u00f3n en Galp\u00e3o Fortes Vila\u00e7a<br \/>\nDimensiones variables<\/p>\n<p><small> <a href=\"http:\/\/www.fortesvilaca.com.br\/artistas\/sara-ramo\" rel=\"external\">(Cortes\u00eda del artista y la Galer\u00eda Fortes Vilaca, Sao Pablo)<\/a> <\/ small><\/p>\n","protected":false},"author":3,"featured_media":19616,"parent":19837,"menu_order":69,"comment_status":"closed","ping_status":"open","template":"image.php","meta":{"footnotes":""},"class_list":["post-19906","page","type-page","status-publish","has-post-thumbnail","hentry"],"_links":{"self":[{"href":"https:\/\/li-mac.org\/es\/wp-json\/wp\/v2\/pages\/19906","targetHints":{"allow":["GET"]}}],"collection":[{"href":"https:\/\/li-mac.org\/es\/wp-json\/wp\/v2\/pages"}],"about":[{"href":"https:\/\/li-mac.org\/es\/wp-json\/wp\/v2\/types\/page"}],"author":[{"embeddable":true,"href":"https:\/\/li-mac.org\/es\/wp-json\/wp\/v2\/users\/3"}],"replies":[{"embeddable":true,"href":"https:\/\/li-mac.org\/es\/wp-json\/wp\/v2\/comments?post=19906"}],"version-history":[{"count":5,"href":"https:\/\/li-mac.org\/es\/wp-json\/wp\/v2\/pages\/19906\/revisions"}],"predecessor-version":[{"id":20142,"href":"https:\/\/li-mac.org\/es\/wp-json\/wp\/v2\/pages\/19906\/revisions\/20142"}],"up":[{"embeddable":true,"href":"https:\/\/li-mac.org\/es\/wp-json\/wp\/v2\/pages\/19837"}],"wp:featuredmedia":[{"embeddable":true,"href":"https:\/\/li-mac.org\/es\/wp-json\/wp\/v2\/media\/19616"}],"wp:attachment":[{"href":"https:\/\/li-mac.org\/es\/wp-json\/wp\/v2\/media?parent=19906"}],"curies":[{"name":"wp","href":"https:\/\/api.w.org\/{rel}","templated":true}]}}