{"id":1992,"date":"2011-09-01T17:35:20","date_gmt":"2011-09-01T17:35:20","guid":{"rendered":"http:\/\/li-mac.org\/wp\/"},"modified":"2012-01-18T02:33:46","modified_gmt":"2012-01-18T02:33:46","slug":"contemporary-art","status":"publish","type":"page","link":"https:\/\/li-mac.org\/es\/library\/text-books-philosophy-anthropology\/book-covers\/contemporary-art\/","title":{"rendered":"Arte contempor\u00e1neo"},"content":{"rendered":"<p>Esta pintura fue hecha al tama\u00f1o original del libro \u00abArte Contempor\u00e1neo\u00bb, escrito por el cr\u00edtico y comisario Julian Stallabrass. El ensayo responde a la pregunta sobre qu\u00e9 es la contemporaneidad en el arte contempor\u00e1neo. Esta edici\u00f3n inglesa fue publicada en 2006 por <em>Oxford University Press.<\/em><\/p>","protected":false},"excerpt":{"rendered":"<p><strong>Biblioteca LiMAC<\/strong><br \/>\n2009-2010<br \/>\n\u00f3leo sobre lienzo<br \/>\n17,5 x 11 x 1 cm.<\/p>\n","protected":false},"author":2,"featured_media":1012,"parent":1095,"menu_order":1131,"comment_status":"open","ping_status":"open","template":"image.php","meta":{"footnotes":""},"class_list":["post-1992","page","type-page","status-publish","has-post-thumbnail","hentry"],"_links":{"self":[{"href":"https:\/\/li-mac.org\/es\/wp-json\/wp\/v2\/pages\/1992","targetHints":{"allow":["GET"]}}],"collection":[{"href":"https:\/\/li-mac.org\/es\/wp-json\/wp\/v2\/pages"}],"about":[{"href":"https:\/\/li-mac.org\/es\/wp-json\/wp\/v2\/types\/page"}],"author":[{"embeddable":true,"href":"https:\/\/li-mac.org\/es\/wp-json\/wp\/v2\/users\/2"}],"replies":[{"embeddable":true,"href":"https:\/\/li-mac.org\/es\/wp-json\/wp\/v2\/comments?post=1992"}],"version-history":[{"count":7,"href":"https:\/\/li-mac.org\/es\/wp-json\/wp\/v2\/pages\/1992\/revisions"}],"predecessor-version":[{"id":11582,"href":"https:\/\/li-mac.org\/es\/wp-json\/wp\/v2\/pages\/1992\/revisions\/11582"}],"up":[{"embeddable":true,"href":"https:\/\/li-mac.org\/es\/wp-json\/wp\/v2\/pages\/1095"}],"wp:featuredmedia":[{"embeddable":true,"href":"https:\/\/li-mac.org\/es\/wp-json\/wp\/v2\/media\/1012"}],"wp:attachment":[{"href":"https:\/\/li-mac.org\/es\/wp-json\/wp\/v2\/media?parent=1992"}],"curies":[{"name":"wp","href":"https:\/\/api.w.org\/{rel}","templated":true}]}}