{"id":19942,"date":"2014-01-13T01:49:37","date_gmt":"2014-01-13T01:49:37","guid":{"rendered":"http:\/\/li-mac.org\/?page_id=19942"},"modified":"2014-11-04T11:09:46","modified_gmt":"2014-11-04T11:09:46","slug":"the-garden-from-free-zone","status":"publish","type":"page","link":"https:\/\/li-mac.org\/es\/collection\/limac-collection\/sara-ramo\/works\/the-garden-from-free-zone\/","title":{"rendered":"El jard\u00edn de la Zona Franca"},"content":{"rendered":"<p><span style=\"font-size: 13px; line-height: 19px;\">Site specific e instalaci\u00f3n para la oncena Bienal de Sharjah , EAU.<\/span><\/p>\n<p>Construcci\u00f3n simb\u00f3lica de un jard\u00edn a partir de objetos encontrados en los dep\u00f3sitos del departamento de cultura de Sharjah y en el propio edificio (un antiguo banco). Estos objetos viejos y obsoletos en los que normalmente no nos fijar\u00edamos, toman vida durante el periodo de la Bienal, ocupando el \u00e1rea del ultimo piso de un edificio desactivado (que a su vez, ser\u00e1 activado para la Bienal), desde donde se puede ver la vista de la ciudad. El trabajo tiene un car\u00e1cter ef\u00edmero bastante especifico, ya que una vez terminada la bienal, los objetos vuelven a ocupar su lugar de origen, dejando de pertenecer a la categor\u00eda de arte. En el jard\u00edn las cosas \u201cestan\u201d para el arte y lo que vemos es m\u00e1s un acontecimiento art\u00edstico que la construcci\u00f3n final de una obra.\u00a0<span style=\"font-size: 13px; line-height: 19px;\">Los objetos se reagrupan y organizan, creando un mapa que remite al uso y a la historia de los quehaceres de la propia instituci\u00f3n que los acoge.\u00a0<\/span><\/p>\n<p><span style=\"font-size: 13px; line-height: 19px;\">Este trabajo nace de un primer proyecto llamado \u201c<\/span><em style=\"font-size: 13px; line-height: 19px;\">The garden of things from the attic\u201d<\/em><span style=\"font-size: 13px; line-height: 19px;\"> que hice para el Museu da Pampulha en Belo Horizonte, MG, Brazil en 2004 donde usaba los objetos del s\u00f3tano de este Museo.\u00a0<\/span><span style=\"font-size: 13px; line-height: 19px;\">En la Oncena Bienal de Sharjah del 2013\u00a0 trabaj\u00e9 a partir de esta idea o movimiento dentro de otro contexto, mucho m\u00e1s pr\u00f3ximo al paisaje y las particularidades culturales de la ciudad de Sharjah.<\/span><\/p>\n<p>&nbsp;<\/p>","protected":false},"excerpt":{"rendered":"<p><strong>Sara Ramo<\/strong> <small>(Brasil \/ Espa\u00f1a,1975)<\/small><br \/>\n2013<br \/>\nInstalaci\u00f3n -site specific-<br \/>\nMateriales de construcci\u00f3n.<br \/>\nDimensiones variables<\/p>\n<p><small>(Cortes\u00eda del artista)<\/small><\/p>\n","protected":false},"author":3,"featured_media":19636,"parent":19837,"menu_order":74,"comment_status":"open","ping_status":"open","template":"image.php","meta":{"footnotes":""},"class_list":["post-19942","page","type-page","status-publish","has-post-thumbnail","hentry"],"_links":{"self":[{"href":"https:\/\/li-mac.org\/es\/wp-json\/wp\/v2\/pages\/19942","targetHints":{"allow":["GET"]}}],"collection":[{"href":"https:\/\/li-mac.org\/es\/wp-json\/wp\/v2\/pages"}],"about":[{"href":"https:\/\/li-mac.org\/es\/wp-json\/wp\/v2\/types\/page"}],"author":[{"embeddable":true,"href":"https:\/\/li-mac.org\/es\/wp-json\/wp\/v2\/users\/3"}],"replies":[{"embeddable":true,"href":"https:\/\/li-mac.org\/es\/wp-json\/wp\/v2\/comments?post=19942"}],"version-history":[{"count":12,"href":"https:\/\/li-mac.org\/es\/wp-json\/wp\/v2\/pages\/19942\/revisions"}],"predecessor-version":[{"id":20860,"href":"https:\/\/li-mac.org\/es\/wp-json\/wp\/v2\/pages\/19942\/revisions\/20860"}],"up":[{"embeddable":true,"href":"https:\/\/li-mac.org\/es\/wp-json\/wp\/v2\/pages\/19837"}],"wp:featuredmedia":[{"embeddable":true,"href":"https:\/\/li-mac.org\/es\/wp-json\/wp\/v2\/media\/19636"}],"wp:attachment":[{"href":"https:\/\/li-mac.org\/es\/wp-json\/wp\/v2\/media?parent=19942"}],"curies":[{"name":"wp","href":"https:\/\/api.w.org\/{rel}","templated":true}]}}