{"id":19952,"date":"2014-01-13T02:59:30","date_gmt":"2014-01-13T02:59:30","guid":{"rendered":"http:\/\/li-mac.org\/?page_id=19952"},"modified":"2014-11-04T11:12:41","modified_gmt":"2014-11-04T11:12:41","slug":"once-and-once-more-there-even-if-is-here","status":"publish","type":"page","link":"https:\/\/li-mac.org\/es\/collection\/limac-collection\/sara-ramo\/works\/once-and-once-more-there-even-if-is-here\/","title":{"rendered":"Una y otra vez all\u00ed, aunque de todas maneras aqu\u00ed"},"content":{"rendered":"<p>Esta instalaci\u00f3n se hizo en el entresuelo de la Galer\u00eda Fortes Vila\u00e7a. El espacio se divide en dos partes del mismo tama\u00f1o y \u00a0se construy\u00f3 una pared en el medio de la entreplanta. Contra la pared hab\u00eda una escalera (id\u00e9ntica a otra escalera existente en la galer\u00eda), donde \u00a0el espectador pod\u00eda subirse con el fin de ver el espacio del otro lado de la pared, donde se encontrar\u00eda con objetos recogidos de la calle: pedazos de vidrio roto, envoltorios de caramelos, fragmentos de ladrillos &#8230; etc\u00e9tera<\/p>\n<p><span style=\"font-size: 13px; line-height: 19px;\">Un espejo duplica el espacio, completando la imagen que refleja el interior de la pared, hecha de aparentes\u00a0\u00a0ladrillos .<\/span><\/p>\n<p>&nbsp;<\/p>","protected":false},"excerpt":{"rendered":"<p><strong>Sara Ramo<\/strong> <small>(Brasil \/ Espa\u00f1a,1975)<\/small><br \/>\n2005<br \/>\nInstalaci\u00f3n<br \/>\nPared, escalera, espejo, objetos recogidos en la calle.<br \/>\nDimensiones variables<\/p>\n<p><small>(Cortes\u00eda del artista)<\/small><\/p>\n","protected":false},"author":3,"featured_media":19684,"parent":19837,"menu_order":41,"comment_status":"open","ping_status":"open","template":"image.php","meta":{"footnotes":""},"class_list":["post-19952","page","type-page","status-publish","has-post-thumbnail","hentry"],"_links":{"self":[{"href":"https:\/\/li-mac.org\/es\/wp-json\/wp\/v2\/pages\/19952","targetHints":{"allow":["GET"]}}],"collection":[{"href":"https:\/\/li-mac.org\/es\/wp-json\/wp\/v2\/pages"}],"about":[{"href":"https:\/\/li-mac.org\/es\/wp-json\/wp\/v2\/types\/page"}],"author":[{"embeddable":true,"href":"https:\/\/li-mac.org\/es\/wp-json\/wp\/v2\/users\/3"}],"replies":[{"embeddable":true,"href":"https:\/\/li-mac.org\/es\/wp-json\/wp\/v2\/comments?post=19952"}],"version-history":[{"count":15,"href":"https:\/\/li-mac.org\/es\/wp-json\/wp\/v2\/pages\/19952\/revisions"}],"predecessor-version":[{"id":20828,"href":"https:\/\/li-mac.org\/es\/wp-json\/wp\/v2\/pages\/19952\/revisions\/20828"}],"up":[{"embeddable":true,"href":"https:\/\/li-mac.org\/es\/wp-json\/wp\/v2\/pages\/19837"}],"wp:featuredmedia":[{"embeddable":true,"href":"https:\/\/li-mac.org\/es\/wp-json\/wp\/v2\/media\/19684"}],"wp:attachment":[{"href":"https:\/\/li-mac.org\/es\/wp-json\/wp\/v2\/media?parent=19952"}],"curies":[{"name":"wp","href":"https:\/\/api.w.org\/{rel}","templated":true}]}}