{"id":2001,"date":"2011-09-02T08:59:05","date_gmt":"2011-09-02T08:59:05","guid":{"rendered":"http:\/\/li-mac.org\/wp\/"},"modified":"2012-01-18T03:23:53","modified_gmt":"2012-01-18T03:23:53","slug":"miserable-miracle-la-mescaline","status":"publish","type":"page","link":"https:\/\/li-mac.org\/es\/library\/text-books-philosophy-anthropology\/literature\/miserable-miracle-la-mescaline\/","title":{"rendered":"Milagro miserable &#8211; La mescalina"},"content":{"rendered":"<p>Esta pintura fue hecha al tama\u00f1o original del libro \u00abMiserable milagro\u00bb, escrito por Henri Michaux. El autor observa el efecto de la droga alucin\u00f3gena mescalina utilizando 48 illustraciones realizadas bajo su influencia. Esta edici\u00f3n fue publicada en franc\u00e9s por <em>Gaillimard<\/em> en el a\u00f1o 2000.<\/p>","protected":false},"excerpt":{"rendered":"<p><strong>Biblioteca LiMAC<\/strong><br \/>\n2009-2010<br \/>\n\u00f3leo sobre lienzo<br \/>\n18 x 11 x 1,5 cm.<\/p>\n","protected":false},"author":2,"featured_media":1079,"parent":5405,"menu_order":219,"comment_status":"open","ping_status":"open","template":"image.php","meta":{"footnotes":""},"class_list":["post-2001","page","type-page","status-publish","has-post-thumbnail","hentry"],"_links":{"self":[{"href":"https:\/\/li-mac.org\/es\/wp-json\/wp\/v2\/pages\/2001","targetHints":{"allow":["GET"]}}],"collection":[{"href":"https:\/\/li-mac.org\/es\/wp-json\/wp\/v2\/pages"}],"about":[{"href":"https:\/\/li-mac.org\/es\/wp-json\/wp\/v2\/types\/page"}],"author":[{"embeddable":true,"href":"https:\/\/li-mac.org\/es\/wp-json\/wp\/v2\/users\/2"}],"replies":[{"embeddable":true,"href":"https:\/\/li-mac.org\/es\/wp-json\/wp\/v2\/comments?post=2001"}],"version-history":[{"count":7,"href":"https:\/\/li-mac.org\/es\/wp-json\/wp\/v2\/pages\/2001\/revisions"}],"predecessor-version":[{"id":10466,"href":"https:\/\/li-mac.org\/es\/wp-json\/wp\/v2\/pages\/2001\/revisions\/10466"}],"up":[{"embeddable":true,"href":"https:\/\/li-mac.org\/es\/wp-json\/wp\/v2\/pages\/5405"}],"wp:featuredmedia":[{"embeddable":true,"href":"https:\/\/li-mac.org\/es\/wp-json\/wp\/v2\/media\/1079"}],"wp:attachment":[{"href":"https:\/\/li-mac.org\/es\/wp-json\/wp\/v2\/media?parent=2001"}],"curies":[{"name":"wp","href":"https:\/\/api.w.org\/{rel}","templated":true}]}}