{"id":2005,"date":"2011-09-02T10:16:19","date_gmt":"2011-09-02T10:16:19","guid":{"rendered":"http:\/\/li-mac.org\/wp\/"},"modified":"2012-01-18T04:11:11","modified_gmt":"2012-01-18T04:11:11","slug":"memory-and-utopia-the-primacy-of-intersubjectivity","status":"publish","type":"page","link":"https:\/\/li-mac.org\/es\/library\/text-books-philosophy-anthropology\/sociology\/memory-and-utopia-the-primacy-of-intersubjectivity\/","title":{"rendered":"Memoria y utop\u00eda &#8211; La primac\u00eda de la intersubjetividad"},"content":{"rendered":"<p>Esta pintura fue hecha al tama\u00f1o original del libro \u00abMemory and Utopia\u00bb escrito por Luisa Passerini en 2003. La autora utiliza el concepto de la intersubjetividad para analizar como la memoria y el pasado se vuelven presentes en la construcion de la identidad. Esta edici\u00f3n en castellano fue publicada por la <em>Universidad de Valencia<\/em> en 2006.<\/p>","protected":false},"excerpt":{"rendered":"<p><strong>Biblioteca LiMAC<\/strong><br \/>\n2009-2010<br \/>\n\u00f3leo sobre lienzo<br \/>\n24 x 16 x 1,5 cm.<\/p>\n","protected":false},"author":2,"featured_media":1042,"parent":3240,"menu_order":224,"comment_status":"open","ping_status":"open","template":"image.php","meta":{"footnotes":""},"class_list":["post-2005","page","type-page","status-publish","has-post-thumbnail","hentry"],"_links":{"self":[{"href":"https:\/\/li-mac.org\/es\/wp-json\/wp\/v2\/pages\/2005","targetHints":{"allow":["GET"]}}],"collection":[{"href":"https:\/\/li-mac.org\/es\/wp-json\/wp\/v2\/pages"}],"about":[{"href":"https:\/\/li-mac.org\/es\/wp-json\/wp\/v2\/types\/page"}],"author":[{"embeddable":true,"href":"https:\/\/li-mac.org\/es\/wp-json\/wp\/v2\/users\/2"}],"replies":[{"embeddable":true,"href":"https:\/\/li-mac.org\/es\/wp-json\/wp\/v2\/comments?post=2005"}],"version-history":[{"count":6,"href":"https:\/\/li-mac.org\/es\/wp-json\/wp\/v2\/pages\/2005\/revisions"}],"predecessor-version":[{"id":11684,"href":"https:\/\/li-mac.org\/es\/wp-json\/wp\/v2\/pages\/2005\/revisions\/11684"}],"up":[{"embeddable":true,"href":"https:\/\/li-mac.org\/es\/wp-json\/wp\/v2\/pages\/3240"}],"wp:featuredmedia":[{"embeddable":true,"href":"https:\/\/li-mac.org\/es\/wp-json\/wp\/v2\/media\/1042"}],"wp:attachment":[{"href":"https:\/\/li-mac.org\/es\/wp-json\/wp\/v2\/media?parent=2005"}],"curies":[{"name":"wp","href":"https:\/\/api.w.org\/{rel}","templated":true}]}}