{"id":2007,"date":"2011-09-02T10:46:50","date_gmt":"2011-09-02T10:46:50","guid":{"rendered":"http:\/\/li-mac.org\/wp\/"},"modified":"2012-01-18T02:55:27","modified_gmt":"2012-01-18T02:55:27","slug":"blind-spots-critical-theory-and-the-history-of-art-in-twentieth-century-germany","status":"publish","type":"page","link":"https:\/\/li-mac.org\/es\/library\/text-books-philosophy-anthropology\/cultural-theory\/blind-spots-critical-theory-and-the-history-of-art-in-twentieth-century-germany\/","title":{"rendered":"Puntos ciegos &#8211; Teor\u00eda critica e histor\u00eda del arte en el siglo XX alem\u00e1n"},"content":{"rendered":"<p>Esta pintura fue hecha al tama\u00f1o original del libro \u00abPuntos ciegos\u00bb, escrito por Frederic Schwartz en 2005. El autor muestra como los conceptos de la teor\u00eda cr\u00edtica estuvieron muy presentes en el arte alem\u00e1n de la primera parte del siglo XX. Esta edici\u00f3n fue publicada por <em>Yale University Press<\/em> en 2005.<\/p>","protected":false},"excerpt":{"rendered":"<p><strong>Biblioteca LiMAC<\/strong><br \/>\n2009-2010<br \/>\n\u00f3leo sobre lienzo<br \/>\n24 x 16,5 x 2,5 cm.<\/p>\n","protected":false},"author":2,"featured_media":1058,"parent":3264,"menu_order":245,"comment_status":"open","ping_status":"open","template":"image.php","meta":{"footnotes":""},"class_list":["post-2007","page","type-page","status-publish","has-post-thumbnail","hentry"],"_links":{"self":[{"href":"https:\/\/li-mac.org\/es\/wp-json\/wp\/v2\/pages\/2007","targetHints":{"allow":["GET"]}}],"collection":[{"href":"https:\/\/li-mac.org\/es\/wp-json\/wp\/v2\/pages"}],"about":[{"href":"https:\/\/li-mac.org\/es\/wp-json\/wp\/v2\/types\/page"}],"author":[{"embeddable":true,"href":"https:\/\/li-mac.org\/es\/wp-json\/wp\/v2\/users\/2"}],"replies":[{"embeddable":true,"href":"https:\/\/li-mac.org\/es\/wp-json\/wp\/v2\/comments?post=2007"}],"version-history":[{"count":5,"href":"https:\/\/li-mac.org\/es\/wp-json\/wp\/v2\/pages\/2007\/revisions"}],"predecessor-version":[{"id":11609,"href":"https:\/\/li-mac.org\/es\/wp-json\/wp\/v2\/pages\/2007\/revisions\/11609"}],"up":[{"embeddable":true,"href":"https:\/\/li-mac.org\/es\/wp-json\/wp\/v2\/pages\/3264"}],"wp:featuredmedia":[{"embeddable":true,"href":"https:\/\/li-mac.org\/es\/wp-json\/wp\/v2\/media\/1058"}],"wp:attachment":[{"href":"https:\/\/li-mac.org\/es\/wp-json\/wp\/v2\/media?parent=2007"}],"curies":[{"name":"wp","href":"https:\/\/api.w.org\/{rel}","templated":true}]}}