{"id":20160,"date":"2014-01-23T12:41:29","date_gmt":"2014-01-23T12:41:29","guid":{"rendered":"http:\/\/li-mac.org\/?page_id=20160"},"modified":"2014-01-23T20:29:45","modified_gmt":"2014-01-23T20:29:45","slug":"future-anterior","status":"publish","type":"page","link":"https:\/\/li-mac.org\/es\/projects\/rests-in-press\/2008-2-2\/future-anterior\/","title":{"rendered":"Futuro anterior"},"content":{"rendered":"<p><\/p>\n<div id=\"gt-src-c\">\n<div id=\"gt-src-p\">\n<div id=\"gt-src-wrap\">\n<div dir=\"ltr\">\u00abEsta versi\u00f3n del <em>New York Times<\/em> es del a\u00f1o 2020, contiene noticias predicadas por un clarividente profesional que es esta\u00a0 regularmente consultada por Interpol y otras agencias gubernamentales. Sus predicciones fueron luego transformadas en art\u00edculos de noticias reales por periodistas del <em>New York Times<\/em>. Impreso con pigmento termocr\u00f3mico, la informaci\u00f3n aparece y desaparece dependiendo de las condiciones clim\u00e1ticas dentro de cualquier espacio de la exposici\u00f3n.\u00bb Agnieszka Kurant<\/div>\n<\/div>\n<\/div>\n<\/div>\n<p><\/p>","protected":false},"excerpt":{"rendered":"<p><strong>Agnieszka Kurant<\/strong> <small>(Polonia, 1975)<\/small><br \/>\n2008<br \/>\nPigmento termocromico sobre prensa<br \/>\n72 x 48.5 cm.<br \/>\nEd. 1\/3<\/p>\n<p><small>Foto: Eduardo Ortega<br \/>\n<a href=\"http:\/\/www.fortesvilaca.com.br\/artistas\/agnieszka-kurant\/\" rel=\"external\">(Cortes\u00eda del artista y Galeria Fortes Vila\u00e7a, S\u00e3o Paulo.)<\/a><\/small><\/p>\n","protected":false},"author":2,"featured_media":20159,"parent":9110,"menu_order":609,"comment_status":"open","ping_status":"open","template":"image.php","meta":{"footnotes":""},"class_list":["post-20160","page","type-page","status-publish","has-post-thumbnail","hentry"],"_links":{"self":[{"href":"https:\/\/li-mac.org\/es\/wp-json\/wp\/v2\/pages\/20160","targetHints":{"allow":["GET"]}}],"collection":[{"href":"https:\/\/li-mac.org\/es\/wp-json\/wp\/v2\/pages"}],"about":[{"href":"https:\/\/li-mac.org\/es\/wp-json\/wp\/v2\/types\/page"}],"author":[{"embeddable":true,"href":"https:\/\/li-mac.org\/es\/wp-json\/wp\/v2\/users\/2"}],"replies":[{"embeddable":true,"href":"https:\/\/li-mac.org\/es\/wp-json\/wp\/v2\/comments?post=20160"}],"version-history":[{"count":7,"href":"https:\/\/li-mac.org\/es\/wp-json\/wp\/v2\/pages\/20160\/revisions"}],"predecessor-version":[{"id":20168,"href":"https:\/\/li-mac.org\/es\/wp-json\/wp\/v2\/pages\/20160\/revisions\/20168"}],"up":[{"embeddable":true,"href":"https:\/\/li-mac.org\/es\/wp-json\/wp\/v2\/pages\/9110"}],"wp:featuredmedia":[{"embeddable":true,"href":"https:\/\/li-mac.org\/es\/wp-json\/wp\/v2\/media\/20159"}],"wp:attachment":[{"href":"https:\/\/li-mac.org\/es\/wp-json\/wp\/v2\/media?parent=20160"}],"curies":[{"name":"wp","href":"https:\/\/api.w.org\/{rel}","templated":true}]}}