{"id":20176,"date":"2014-01-29T17:25:10","date_gmt":"2014-01-29T17:25:10","guid":{"rendered":"http:\/\/li-mac.org\/?page_id=20176"},"modified":"2014-02-10T16:10:58","modified_gmt":"2014-02-10T16:10:58","slug":"corner","status":"publish","type":"page","link":"https:\/\/li-mac.org\/es\/projects\/rests-in-press\/1969-1990\/corner\/","title":{"rendered":"Esquina"},"content":{"rendered":"<p>Juan Downey fue invitado por el comisario Geno Rodriguez a participar en una exposici\u00f3n colectiva sobre contenidos socio pol\u00edticos. La exposici\u00f3n incluy\u00eda artistas como Dennis Adams, Terry Berkowitz, Chris Bratton, Luis Camnitzer, Leon Golub, Alfredo Jaar, Jerry Kearns, Margia Kramer, Antoni Muntadas, Tim Rollins, Martha Rosler, Erika Rothenberg, Carole Schneeman, Nancy Spero and Francesc Torres, entre otros, quien hicieron obras especificas para la exposici\u00f3n. El cat\u00e1logo inclu\u00eda un ensayo de Noam Chomsky y Edward S. Herman, con una introducci\u00f3n de Geno Rodr\u00edguez, donde la desinformaci\u00f3n es una t\u00e9cnica utilizada por los medios de comunicaci\u00f3n impresos y electr\u00f3nicos para crear una opini\u00f3n y un acuerdo nacionales. Es una t\u00e9cnica de medias verdades, editorialismo sesgado y supresi\u00f3n de informaci\u00f3n pertinente. Finge ser objetivo y justo. De forma mas destacada explota la creencia popular en una \u201cprensa libre\u201d. La propaganda, por otra parte, es una ideolog\u00eda promovida por el gobierno, impuesta a un pueblo, con el prop\u00f3sito \u201ceducativo y por su propio bien\u201d (tal y como son percibidos por el Estado). Aquellos que viven en estados totalitarios (autoritario) como El Salvador, Corea del Sur, China y Rusia, saben que el estado les impone una informaci\u00f3n especifica. desgraciadamente, a menudo aquellos de nosotros que vivimos en \u201cdemocracias occidentales libres\u201d suponemos, equivocadamente, que recibimos todas aquellas noticias cuya publicaci\u00f3n resulta conveniente. La verdad es que tanto la desinformaci\u00f3n como la propaganda sirven al mismo prop\u00f3sito: el control de una poblaci\u00f3n mediante la facilitaci\u00f3n aprobada.<\/p>\n<div id=\"gt-res-content\">\n<div dir=\"ltr\">Para esta exposici\u00f3n Downey eligi\u00f3 un rinc\u00f3n, donde coloc\u00f3 varios recortes de prensa de dos periodicos de ideologias diferentes y opuestas, por un lado el peri\u00f3dico marxista <em>Granma Weekly Review Publisher<\/em> en Ingl\u00e9s en La Habana, y por el otro el diario chileno <em>El Mercurio<\/em>, publicado en espa\u00f1ol y favorablemente inclinado hacia el r\u00e9gimen de Pinochet. Los recortes, fechados entre los a\u00f1os 1983 y 1985, se refieren a los acontecimientos pol\u00edticos contempor\u00e1neos en Chile. De esta manera, titulares como \u00abChile: una naci\u00f3n presa\u00bb, \u00abPinochet INTENSIFICA Represi\u00f3n y recibi\u00f3 m\u00e1s ayuda econ\u00f3mica de EE.UU.\u00bb o \u00abElogio de Estado de Juncia\u00bb marc\u00f3 un fuerte contraste con otros como \u00abEn el exterior se miente de una forma grosera \u00ab, \u00abRenovado el solemne Juramento a la Bandera\u00bb o \u00abPresidente Pinochet Reafirmo Compromiso con la Democracia\u00bb son un claro ejemplo de c\u00f3mo el inter\u00e9s pol\u00edtico recibe atenci\u00f3n y se presentan de una manera positiva, mientras que otros temas pol\u00edticos y sociales que son cr\u00edticos del gobierno no conceden mucha cobertura. Conscientemente manipulada, la l\u00ednea editorial suprime una cierta objetividad de contenido, y sustituye palabras claves o frases destinadas a perturbar y deformar la supuesta \u00abinformaci\u00f3n\u00bb.<\/div>\n<\/div>\n<p><span style=\"text-decoration: underline;\">La obra ha sido expuesta en las siguientes exposici\u00f3nes:<\/span><\/p>\n<p>1985 &#8211; Disinformation <em>The Manufacture of Consent<\/em>, Alternitive Museum, NY.<\/p>\n<p>1997-98 &#8211; <em>Juan Downey<\/em>: <em>con energ\u00eda mas alla de estos muros<\/em>, IVAM-Cetre Del\u00a0 Carme, Valencia\u00a0 Espa\u00f1a.<\/p>\n<p>2010 &#8211; <em>Juan Downey el ojo pensante<\/em>, Fundaci\u00f3n Telef\u00f3nica Santiago de Chile.<\/p>\n<p>2011 &#8211; <em>Juan Downey: The Invisible Arquitect,<\/em> List Gallery, MIT. Massachusetts Institute of Technology, Cambridge, MA., ASU Arizona State University Museum. AZ &#8211;<\/p>\n<p>2012 &#8211; <em>Juan Downey: The Invisible Arquitect, <\/em>Bronx Museum of Art, Bronx, New York NY<\/p>\n<p>2013 <em>&#8211; Juan Downey: Una Utop\u00eda de la comunucaci\u00f3n<\/em>, Museo Rufino Tamayo, M\u00e9xico DF, M\u00e9xico<\/p>","protected":false},"excerpt":{"rendered":"<p><strong>Juan Downey<\/strong> <small>(Chile, 1940-1993)<\/small><br \/>\n1985<br \/>\nRecortes de prensa sobre pared<br \/>\nArticulos del <em>Granma<\/em> (periodico cubano izquierdista) y <em>El Mercurio<\/em> (peri\u00f3dico chileno derechista).<br \/>\nVariable dimensions.<\/p>\n<p><small><a href=\"http:\/\/listart.mit.edu\/\" rel=\"external\">Credito fotogr\u00e1fico: MIT List Visual Arts Center<\/a><br \/>\n(Cortes\u00eda Marilys B. Downey.)<\/small><\/p>\n","protected":false},"author":2,"featured_media":20238,"parent":3093,"menu_order":801,"comment_status":"open","ping_status":"open","template":"image.php","meta":{"footnotes":""},"class_list":["post-20176","page","type-page","status-publish","has-post-thumbnail","hentry"],"_links":{"self":[{"href":"https:\/\/li-mac.org\/es\/wp-json\/wp\/v2\/pages\/20176","targetHints":{"allow":["GET"]}}],"collection":[{"href":"https:\/\/li-mac.org\/es\/wp-json\/wp\/v2\/pages"}],"about":[{"href":"https:\/\/li-mac.org\/es\/wp-json\/wp\/v2\/types\/page"}],"author":[{"embeddable":true,"href":"https:\/\/li-mac.org\/es\/wp-json\/wp\/v2\/users\/2"}],"replies":[{"embeddable":true,"href":"https:\/\/li-mac.org\/es\/wp-json\/wp\/v2\/comments?post=20176"}],"version-history":[{"count":21,"href":"https:\/\/li-mac.org\/es\/wp-json\/wp\/v2\/pages\/20176\/revisions"}],"predecessor-version":[{"id":20244,"href":"https:\/\/li-mac.org\/es\/wp-json\/wp\/v2\/pages\/20176\/revisions\/20244"}],"up":[{"embeddable":true,"href":"https:\/\/li-mac.org\/es\/wp-json\/wp\/v2\/pages\/3093"}],"wp:featuredmedia":[{"embeddable":true,"href":"https:\/\/li-mac.org\/es\/wp-json\/wp\/v2\/media\/20238"}],"wp:attachment":[{"href":"https:\/\/li-mac.org\/es\/wp-json\/wp\/v2\/media?parent=20176"}],"curies":[{"name":"wp","href":"https:\/\/api.w.org\/{rel}","templated":true}]}}