{"id":2020,"date":"2011-09-02T11:42:19","date_gmt":"2011-09-02T11:42:19","guid":{"rendered":"http:\/\/li-mac.org\/wp\/"},"modified":"2012-01-18T02:38:28","modified_gmt":"2012-01-18T02:38:28","slug":"la-definicion-del-arte","status":"publish","type":"page","link":"https:\/\/li-mac.org\/es\/library\/text-books-philosophy-anthropology\/book-covers\/la-definicion-del-arte\/","title":{"rendered":"La definici\u00f3n del arte"},"content":{"rendered":"<p>Esta pintura fue hecha al tama\u00f1o original del libro \u00abLa definici\u00f3n del arte\u00bb, escrito por Umberto Eco. El libro incluye una serie de ensayos publicados entre 1955 y 1963. El conjunto aborda la problem\u00e1tica de la definici\u00f3n del arte a trav\u00e9s de sus m\u00e9todos, materiales, interpretaciones, formas,\u00a0 vida y muerte. Esta edici\u00f3n en castellano fue publicada en 2000 por <em>Destino <\/em>en Espa\u00f1a.<\/p>","protected":false},"excerpt":{"rendered":"<p><strong>Biblioteca LiMAC<\/strong><br \/>\n2009-2010<br \/>\n\u00f3leo sobre lienzo<br \/>\n22,5 x 14,5 x 1,5 cm.<\/p>\n","protected":false},"author":2,"featured_media":1083,"parent":1095,"menu_order":1135,"comment_status":"open","ping_status":"open","template":"image.php","meta":{"footnotes":""},"class_list":["post-2020","page","type-page","status-publish","has-post-thumbnail","hentry"],"_links":{"self":[{"href":"https:\/\/li-mac.org\/es\/wp-json\/wp\/v2\/pages\/2020","targetHints":{"allow":["GET"]}}],"collection":[{"href":"https:\/\/li-mac.org\/es\/wp-json\/wp\/v2\/pages"}],"about":[{"href":"https:\/\/li-mac.org\/es\/wp-json\/wp\/v2\/types\/page"}],"author":[{"embeddable":true,"href":"https:\/\/li-mac.org\/es\/wp-json\/wp\/v2\/users\/2"}],"replies":[{"embeddable":true,"href":"https:\/\/li-mac.org\/es\/wp-json\/wp\/v2\/comments?post=2020"}],"version-history":[{"count":8,"href":"https:\/\/li-mac.org\/es\/wp-json\/wp\/v2\/pages\/2020\/revisions"}],"predecessor-version":[{"id":2022,"href":"https:\/\/li-mac.org\/es\/wp-json\/wp\/v2\/pages\/2020\/revisions\/2022"}],"up":[{"embeddable":true,"href":"https:\/\/li-mac.org\/es\/wp-json\/wp\/v2\/pages\/1095"}],"wp:featuredmedia":[{"embeddable":true,"href":"https:\/\/li-mac.org\/es\/wp-json\/wp\/v2\/media\/1083"}],"wp:attachment":[{"href":"https:\/\/li-mac.org\/es\/wp-json\/wp\/v2\/media?parent=2020"}],"curies":[{"name":"wp","href":"https:\/\/api.w.org\/{rel}","templated":true}]}}