{"id":20226,"date":"2014-02-09T18:48:49","date_gmt":"2014-02-09T18:48:49","guid":{"rendered":"http:\/\/li-mac.org\/?page_id=20226"},"modified":"2014-10-03T12:03:30","modified_gmt":"2014-10-03T12:03:30","slug":"systematique-1","status":"publish","type":"page","link":"https:\/\/li-mac.org\/es\/projects\/rests-in-press\/2012-2104\/systematique-1\/","title":{"rendered":"Syst\u00e9matique #1"},"content":{"rendered":"","protected":false},"excerpt":{"rendered":"<p><strong>Jo\u00eblle Tuerlinckx<\/strong>  <small>(Belgica, 1958)<\/small><br \/>\n2012<br \/>\nAcrilico sobre papel,  prensa y cart\u00f3n<br \/>\n66 x 137 cm.<\/p>\n<p><small><a href=\"http:\/\/www.schwarzwaelder.at\/\" rel=\"external\">(Cortes\u00eda del artista y Galer\u00eda n\u00e4chst St. Stephan Rosemarie Schwarzw\u00e4lder, Vienna)<\/a><br \/>\nFotograf\u00eda: Markus W\u00f6rg\u00f6tter<\/small><\/p>\n","protected":false},"author":2,"featured_media":20227,"parent":20627,"menu_order":8,"comment_status":"open","ping_status":"open","template":"image.php","meta":{"footnotes":""},"class_list":["post-20226","page","type-page","status-publish","has-post-thumbnail","hentry"],"_links":{"self":[{"href":"https:\/\/li-mac.org\/es\/wp-json\/wp\/v2\/pages\/20226","targetHints":{"allow":["GET"]}}],"collection":[{"href":"https:\/\/li-mac.org\/es\/wp-json\/wp\/v2\/pages"}],"about":[{"href":"https:\/\/li-mac.org\/es\/wp-json\/wp\/v2\/types\/page"}],"author":[{"embeddable":true,"href":"https:\/\/li-mac.org\/es\/wp-json\/wp\/v2\/users\/2"}],"replies":[{"embeddable":true,"href":"https:\/\/li-mac.org\/es\/wp-json\/wp\/v2\/comments?post=20226"}],"version-history":[{"count":8,"href":"https:\/\/li-mac.org\/es\/wp-json\/wp\/v2\/pages\/20226\/revisions"}],"predecessor-version":[{"id":20640,"href":"https:\/\/li-mac.org\/es\/wp-json\/wp\/v2\/pages\/20226\/revisions\/20640"}],"up":[{"embeddable":true,"href":"https:\/\/li-mac.org\/es\/wp-json\/wp\/v2\/pages\/20627"}],"wp:featuredmedia":[{"embeddable":true,"href":"https:\/\/li-mac.org\/es\/wp-json\/wp\/v2\/media\/20227"}],"wp:attachment":[{"href":"https:\/\/li-mac.org\/es\/wp-json\/wp\/v2\/media?parent=20226"}],"curies":[{"name":"wp","href":"https:\/\/api.w.org\/{rel}","templated":true}]}}