{"id":20245,"date":"2014-02-11T08:59:35","date_gmt":"2014-02-11T08:59:35","guid":{"rendered":"http:\/\/li-mac.org\/?page_id=20245"},"modified":"2014-02-12T20:02:17","modified_gmt":"2014-02-12T20:02:17","slug":"scrabble","status":"publish","type":"page","link":"https:\/\/li-mac.org\/es\/projects\/rests-in-press\/1991-2002\/scrabble\/","title":{"rendered":"Palabras cruzadas"},"content":{"rendered":"<p>&#8216;la gran instalaci\u00f3n Palavras Cruzadas (Scrabble), del 2000, consiste en un laberinto de cajas de cart\u00f3n y cientos de naranjas peladas y deshidratadas. Los grandes frutos arom\u00e1ticos est\u00e1n tallados de forma que cada uno lleva una letra. Una vez m\u00e1s, el artista crea un alfabeto \u00abcomestible\u00bb, pero esta vez uno que se puede tocar y usar: se invita al p\u00fablico a formar palabras, jugar al Scrabble con la fruta, es decir, que hagan sentido a partir de un sin sentido&#8217;. Daniel Birnbaum publicado en Artforum.<\/p>","protected":false},"excerpt":{"rendered":"<p><strong>Rivane Neuenschwander<\/strong> <small>(Brasil, 1967)<\/small><br \/>\n2001<br \/>\nCarton, naranjas dehydratadas, cinta medical, papel peri\u00f3dico<br \/>\nDimensiones variable<br \/>\n<em>Artspace Texas, EEUU<\/em> <\/p>\n<p><small>Photo credit: Seal Studios<br \/>\n(Cortes\u00eda del artista; Galer\u00eda Fortes Vila\u00e7a, S\u00e3o Paulo; Galer\u00eda Stephen Friedman, Londres; Galer\u00eda Tanya Bonakdar, Nueva York)<\/small><\/p>\n","protected":false},"author":2,"featured_media":20252,"parent":3583,"menu_order":740,"comment_status":"open","ping_status":"open","template":"image.php","meta":{"footnotes":""},"class_list":["post-20245","page","type-page","status-publish","has-post-thumbnail","hentry"],"_links":{"self":[{"href":"https:\/\/li-mac.org\/es\/wp-json\/wp\/v2\/pages\/20245","targetHints":{"allow":["GET"]}}],"collection":[{"href":"https:\/\/li-mac.org\/es\/wp-json\/wp\/v2\/pages"}],"about":[{"href":"https:\/\/li-mac.org\/es\/wp-json\/wp\/v2\/types\/page"}],"author":[{"embeddable":true,"href":"https:\/\/li-mac.org\/es\/wp-json\/wp\/v2\/users\/2"}],"replies":[{"embeddable":true,"href":"https:\/\/li-mac.org\/es\/wp-json\/wp\/v2\/comments?post=20245"}],"version-history":[{"count":5,"href":"https:\/\/li-mac.org\/es\/wp-json\/wp\/v2\/pages\/20245\/revisions"}],"predecessor-version":[{"id":20270,"href":"https:\/\/li-mac.org\/es\/wp-json\/wp\/v2\/pages\/20245\/revisions\/20270"}],"up":[{"embeddable":true,"href":"https:\/\/li-mac.org\/es\/wp-json\/wp\/v2\/pages\/3583"}],"wp:featuredmedia":[{"embeddable":true,"href":"https:\/\/li-mac.org\/es\/wp-json\/wp\/v2\/media\/20252"}],"wp:attachment":[{"href":"https:\/\/li-mac.org\/es\/wp-json\/wp\/v2\/media?parent=20245"}],"curies":[{"name":"wp","href":"https:\/\/api.w.org\/{rel}","templated":true}]}}