{"id":2027,"date":"2011-09-03T15:13:22","date_gmt":"2011-09-03T15:13:22","guid":{"rendered":"http:\/\/li-mac.org\/wp\/"},"modified":"2012-11-21T15:28:06","modified_gmt":"2012-11-21T15:28:06","slug":"sculptural-potential-i","status":"publish","type":"page","link":"https:\/\/li-mac.org\/es\/exhibitions\/permanent-exhibition\/phantom-limbs\/isolated-areas\/sculptural-potential-i\/","title":{"rendered":"Potencial escult\u00f3rico (I)"},"content":{"rendered":"<p>El equipamiento urbano p\u00fablico es transformado en terreno escult\u00f3rico. Cubierto de cinta, su funci\u00f3n se anula. Los vol\u00famenes y contornos de la ciudad se destacan en abstracciones concretas.<\/p>","protected":false},"excerpt":{"rendered":"<p><strong>Marlon de Azambuja<\/strong> <small>(Brasil, 1978)<\/small><br \/>\n2008<br \/>\nCinta aislante sobre mobiliario urbano<br \/>\nDimensiones variables<\/p>\n<p><small> <a href=\"http:\/\/www.marlondeazambuja.com\/\" rel=\"external\">Cortes\u00eda del artista<\/a><\/small><\/p>\n","protected":false},"author":1,"featured_media":1141,"parent":5773,"menu_order":950,"comment_status":"open","ping_status":"open","template":"image.php","meta":{"footnotes":""},"class_list":["post-2027","page","type-page","status-publish","has-post-thumbnail","hentry"],"_links":{"self":[{"href":"https:\/\/li-mac.org\/es\/wp-json\/wp\/v2\/pages\/2027","targetHints":{"allow":["GET"]}}],"collection":[{"href":"https:\/\/li-mac.org\/es\/wp-json\/wp\/v2\/pages"}],"about":[{"href":"https:\/\/li-mac.org\/es\/wp-json\/wp\/v2\/types\/page"}],"author":[{"embeddable":true,"href":"https:\/\/li-mac.org\/es\/wp-json\/wp\/v2\/users\/1"}],"replies":[{"embeddable":true,"href":"https:\/\/li-mac.org\/es\/wp-json\/wp\/v2\/comments?post=2027"}],"version-history":[{"count":20,"href":"https:\/\/li-mac.org\/es\/wp-json\/wp\/v2\/pages\/2027\/revisions"}],"predecessor-version":[{"id":15414,"href":"https:\/\/li-mac.org\/es\/wp-json\/wp\/v2\/pages\/2027\/revisions\/15414"}],"up":[{"embeddable":true,"href":"https:\/\/li-mac.org\/es\/wp-json\/wp\/v2\/pages\/5773"}],"wp:featuredmedia":[{"embeddable":true,"href":"https:\/\/li-mac.org\/es\/wp-json\/wp\/v2\/media\/1141"}],"wp:attachment":[{"href":"https:\/\/li-mac.org\/es\/wp-json\/wp\/v2\/media?parent=2027"}],"curies":[{"name":"wp","href":"https:\/\/api.w.org\/{rel}","templated":true}]}}