{"id":20272,"date":"2014-02-12T21:55:36","date_gmt":"2014-02-12T21:55:36","guid":{"rendered":"http:\/\/li-mac.org\/?page_id=20272"},"modified":"2014-10-03T12:50:53","modified_gmt":"2014-10-03T12:50:53","slug":"an-invitation","status":"publish","type":"page","link":"https:\/\/li-mac.org\/es\/projects\/rests-in-press\/2012-2104\/an-invitation\/","title":{"rendered":"Una invitaci\u00f3n"},"content":{"rendered":"","protected":false},"excerpt":{"rendered":"<p><strong>Leigh Ledare<\/strong>  <small>(Estados Unidos, 1976)<\/small><br \/>\n2012<br \/>\nFotolitograf\u00eda sobre papel prensa de archivo, serigraf\u00eda, l\u00e1piz<br \/>\n231,8 x 131,3 cm.<\/p>\n<p><small><a href=\"http:\/\/www.officebaroque.com\/artists\/11\/leigh-ledare#works\" rel=\"external\">(Courtesy of the artist and Office Baroque, Brussels; Pilar Corrias, London; Mitchell-Innes &#038; Nash, New York.)<\/a><\/p>\n","protected":false},"author":2,"featured_media":20266,"parent":20627,"menu_order":9,"comment_status":"open","ping_status":"open","template":"image.php","meta":{"footnotes":""},"class_list":["post-20272","page","type-page","status-publish","has-post-thumbnail","hentry"],"_links":{"self":[{"href":"https:\/\/li-mac.org\/es\/wp-json\/wp\/v2\/pages\/20272","targetHints":{"allow":["GET"]}}],"collection":[{"href":"https:\/\/li-mac.org\/es\/wp-json\/wp\/v2\/pages"}],"about":[{"href":"https:\/\/li-mac.org\/es\/wp-json\/wp\/v2\/types\/page"}],"author":[{"embeddable":true,"href":"https:\/\/li-mac.org\/es\/wp-json\/wp\/v2\/users\/2"}],"replies":[{"embeddable":true,"href":"https:\/\/li-mac.org\/es\/wp-json\/wp\/v2\/comments?post=20272"}],"version-history":[{"count":5,"href":"https:\/\/li-mac.org\/es\/wp-json\/wp\/v2\/pages\/20272\/revisions"}],"predecessor-version":[{"id":20644,"href":"https:\/\/li-mac.org\/es\/wp-json\/wp\/v2\/pages\/20272\/revisions\/20644"}],"up":[{"embeddable":true,"href":"https:\/\/li-mac.org\/es\/wp-json\/wp\/v2\/pages\/20627"}],"wp:featuredmedia":[{"embeddable":true,"href":"https:\/\/li-mac.org\/es\/wp-json\/wp\/v2\/media\/20266"}],"wp:attachment":[{"href":"https:\/\/li-mac.org\/es\/wp-json\/wp\/v2\/media?parent=20272"}],"curies":[{"name":"wp","href":"https:\/\/api.w.org\/{rel}","templated":true}]}}