{"id":2040,"date":"2011-09-04T16:27:55","date_gmt":"2011-09-04T16:27:55","guid":{"rendered":"http:\/\/li-mac.org\/wp\/"},"modified":"2012-11-21T12:49:45","modified_gmt":"2012-11-21T12:49:45","slug":"sculptural-potential","status":"publish","type":"page","link":"https:\/\/li-mac.org\/es\/exhibitions\/permanent-exhibition\/phantom-limbs\/isolated-areas\/sculptural-potential\/","title":{"rendered":"Potencial escult\u00f3rico (III)"},"content":{"rendered":"<p>El equipamiento urbano p\u00fablico es transformado en terreno escult\u00f3rico. Cubierto de cinta, su funci\u00f3n se anula. Los vol\u00famenes y contornos de la ciudad se destacan en abstracciones concretas.<\/p>","protected":false},"excerpt":{"rendered":"<p><strong>Marlon de Azambuja<\/strong> <small>(Brasil, 1978)<\/small><br \/>\n2009<br \/>\nCinta aislante sobre mobiliario urbano<br \/>\nDimensiones variables<\/p>\n<p><small> <a href=\"http:\/\/www.marlondeazambuja.com\/\" rel=\"external\">(Cortes\u00eda del artista)<\/a><\/small><\/p>\n","protected":false},"author":2,"featured_media":1151,"parent":5773,"menu_order":911,"comment_status":"open","ping_status":"open","template":"image.php","meta":{"footnotes":""},"class_list":["post-2040","page","type-page","status-publish","has-post-thumbnail","hentry"],"_links":{"self":[{"href":"https:\/\/li-mac.org\/es\/wp-json\/wp\/v2\/pages\/2040","targetHints":{"allow":["GET"]}}],"collection":[{"href":"https:\/\/li-mac.org\/es\/wp-json\/wp\/v2\/pages"}],"about":[{"href":"https:\/\/li-mac.org\/es\/wp-json\/wp\/v2\/types\/page"}],"author":[{"embeddable":true,"href":"https:\/\/li-mac.org\/es\/wp-json\/wp\/v2\/users\/2"}],"replies":[{"embeddable":true,"href":"https:\/\/li-mac.org\/es\/wp-json\/wp\/v2\/comments?post=2040"}],"version-history":[{"count":18,"href":"https:\/\/li-mac.org\/es\/wp-json\/wp\/v2\/pages\/2040\/revisions"}],"predecessor-version":[{"id":15398,"href":"https:\/\/li-mac.org\/es\/wp-json\/wp\/v2\/pages\/2040\/revisions\/15398"}],"up":[{"embeddable":true,"href":"https:\/\/li-mac.org\/es\/wp-json\/wp\/v2\/pages\/5773"}],"wp:featuredmedia":[{"embeddable":true,"href":"https:\/\/li-mac.org\/es\/wp-json\/wp\/v2\/media\/1151"}],"wp:attachment":[{"href":"https:\/\/li-mac.org\/es\/wp-json\/wp\/v2\/media?parent=2040"}],"curies":[{"name":"wp","href":"https:\/\/api.w.org\/{rel}","templated":true}]}}