{"id":20403,"date":"2014-02-26T21:58:38","date_gmt":"2014-02-26T21:58:38","guid":{"rendered":"http:\/\/li-mac.org\/?page_id=20403"},"modified":"2014-02-26T22:01:37","modified_gmt":"2014-02-26T22:01:37","slug":"albanian-stories","status":"publish","type":"page","link":"https:\/\/li-mac.org\/es\/exhibitions\/temporary-exhibitions\/the-call-of-destiny\/works\/albanian-stories\/","title":{"rendered":"Historias de Albania"},"content":{"rendered":"<p>\u201cHistorias de Albania\u201d es el primer video de Adrian Paci. Se hizo despu\u00e9s de su llegada a Italia en 1997. Un vez all\u00ed el escucho su hija Jola contar historias a su mu\u00f1ecas en donde las cr\u00f3nicas de guerra esta mezcladas con fantas\u00edas tipo cuentas de hadas. Su personajes son una vaca, un cerdo, un gato, un gallo y unas fuerzas oscuras, las fuerzas militares internacionales. Los actores juegan, escuchan algunos tiros, ven llamas de fuego, miran a los soldados y se van a Italia dejando el abuela vaca que se queda triste y sola.<\/p>","protected":false},"excerpt":{"rendered":"<p><strong>Adrian Paci<\/strong>  <small> (Albania, 1969)<\/small><br \/>\n1997<br \/>\nVideo monocanal, color, sonido, 7.08 min.<br \/>\nEdici\u00f3n de 5 + 2 AP<\/p>\n<p><small><a href=\"http:\/\/www.peterkilchmann.com\/\" rel=\"external\">(Cortes\u00eda Peter Kilchman Gallery, Zurich)<\/a><br \/>\n(Foto: Oak Taylor Smith)<\/small><\/p>\n","protected":false},"author":2,"featured_media":20339,"parent":20315,"menu_order":17,"comment_status":"open","ping_status":"open","template":"image.php","meta":{"footnotes":""},"class_list":["post-20403","page","type-page","status-publish","has-post-thumbnail","hentry"],"_links":{"self":[{"href":"https:\/\/li-mac.org\/es\/wp-json\/wp\/v2\/pages\/20403","targetHints":{"allow":["GET"]}}],"collection":[{"href":"https:\/\/li-mac.org\/es\/wp-json\/wp\/v2\/pages"}],"about":[{"href":"https:\/\/li-mac.org\/es\/wp-json\/wp\/v2\/types\/page"}],"author":[{"embeddable":true,"href":"https:\/\/li-mac.org\/es\/wp-json\/wp\/v2\/users\/2"}],"replies":[{"embeddable":true,"href":"https:\/\/li-mac.org\/es\/wp-json\/wp\/v2\/comments?post=20403"}],"version-history":[{"count":3,"href":"https:\/\/li-mac.org\/es\/wp-json\/wp\/v2\/pages\/20403\/revisions"}],"predecessor-version":[{"id":20408,"href":"https:\/\/li-mac.org\/es\/wp-json\/wp\/v2\/pages\/20403\/revisions\/20408"}],"up":[{"embeddable":true,"href":"https:\/\/li-mac.org\/es\/wp-json\/wp\/v2\/pages\/20315"}],"wp:featuredmedia":[{"embeddable":true,"href":"https:\/\/li-mac.org\/es\/wp-json\/wp\/v2\/media\/20339"}],"wp:attachment":[{"href":"https:\/\/li-mac.org\/es\/wp-json\/wp\/v2\/media?parent=20403"}],"curies":[{"name":"wp","href":"https:\/\/api.w.org\/{rel}","templated":true}]}}