{"id":20414,"date":"2014-02-26T22:27:23","date_gmt":"2014-02-26T22:27:23","guid":{"rendered":"http:\/\/li-mac.org\/?page_id=20414"},"modified":"2014-02-26T22:32:10","modified_gmt":"2014-02-26T22:32:10","slug":"the-paradise-belongs-to-the-strangers","status":"publish","type":"page","link":"https:\/\/li-mac.org\/es\/exhibitions\/temporary-exhibitions\/the-call-of-destiny\/works\/the-paradise-belongs-to-the-strangers\/","title":{"rendered":"El Para\u00edso es de los extra\u00f1os"},"content":{"rendered":"","protected":false},"excerpt":{"rendered":"<p><strong>Rogelio L\u00f3pez Cuenca<\/strong>  <small>(Espa\u00f1a, 1959)<\/small><br \/>\n2001<br \/>\nUntitled (Maidenform \/ Hermes)<br \/>\nD\u00edptico 162 x 97 cm. (each)<br \/>\nImpresi\u00f3n digital sobre lienzo<br \/>\n\/<br \/>\nNaturaleza muerta<br \/>\n\u00d3leo sobre lienzo<br \/>\n130 x 195 cm. <\/p>\n<p><small><a href=\"http:\/\/www.juanadeaizpuru.es\/\" rel=\"external\">(Cortes\u00eda del artista y galer\u00eda Juana de Aizpuru, Madrid)<\/a><\/small><\/p>\n","protected":false},"author":2,"featured_media":20350,"parent":20315,"menu_order":19,"comment_status":"open","ping_status":"open","template":"image.php","meta":{"footnotes":""},"class_list":["post-20414","page","type-page","status-publish","has-post-thumbnail","hentry"],"_links":{"self":[{"href":"https:\/\/li-mac.org\/es\/wp-json\/wp\/v2\/pages\/20414","targetHints":{"allow":["GET"]}}],"collection":[{"href":"https:\/\/li-mac.org\/es\/wp-json\/wp\/v2\/pages"}],"about":[{"href":"https:\/\/li-mac.org\/es\/wp-json\/wp\/v2\/types\/page"}],"author":[{"embeddable":true,"href":"https:\/\/li-mac.org\/es\/wp-json\/wp\/v2\/users\/2"}],"replies":[{"embeddable":true,"href":"https:\/\/li-mac.org\/es\/wp-json\/wp\/v2\/comments?post=20414"}],"version-history":[{"count":5,"href":"https:\/\/li-mac.org\/es\/wp-json\/wp\/v2\/pages\/20414\/revisions"}],"predecessor-version":[{"id":20421,"href":"https:\/\/li-mac.org\/es\/wp-json\/wp\/v2\/pages\/20414\/revisions\/20421"}],"up":[{"embeddable":true,"href":"https:\/\/li-mac.org\/es\/wp-json\/wp\/v2\/pages\/20315"}],"wp:featuredmedia":[{"embeddable":true,"href":"https:\/\/li-mac.org\/es\/wp-json\/wp\/v2\/media\/20350"}],"wp:attachment":[{"href":"https:\/\/li-mac.org\/es\/wp-json\/wp\/v2\/media?parent=20414"}],"curies":[{"name":"wp","href":"https:\/\/api.w.org\/{rel}","templated":true}]}}