{"id":20426,"date":"2014-02-26T23:17:00","date_gmt":"2014-02-26T23:17:00","guid":{"rendered":"http:\/\/li-mac.org\/?page_id=20426"},"modified":"2014-02-27T23:26:00","modified_gmt":"2014-02-27T23:26:00","slug":"farawaysoclose","status":"publish","type":"page","link":"https:\/\/li-mac.org\/es\/exhibitions\/temporary-exhibitions\/the-call-of-destiny\/works\/farawaysoclose\/","title":{"rendered":"Tanlejostancerca"},"content":{"rendered":"<p>La obra de Pratchaya Phinthong es un observatorio de situaciones que confrontan diferentes capas de la realidad. Dinamiza zonas entre dos realidades: dos puntos geogr\u00e1ficos, dos sociedades, dos sistemas econ\u00f3micos. Muy a menudo sus proyectos se construyen en un dialogo con el otro en el que a\u00f1ade un gesto art\u00edstico.<\/p>\n<p>La pieza &#8216;farawaysoclose&#8217; (Tanlejostancerca), creada durante una residencia del artista en Frankfort, consisti\u00f3 en la sustituci\u00f3n de una moneda de dos euros por una moneda de diez Baht tailandeses con el fin de comprar latas de Coca-Cola en las m\u00e1quinas vendedoras de la escuela. En el momento en el que el marco alem\u00e1n fue sustituido por el euro, el artista estaba tratando de encontrar su lugar y su identidad en un pa\u00eds extranjero. La sustituci\u00f3n\u00a0 de monedas, juega con las representaciones econ\u00f3micas y existencias culturales, pasando de una situaci\u00f3n de minor\u00eda a una posici\u00f3n de igualdad.<\/p>","protected":false},"excerpt":{"rendered":"<p><strong>Pratchaya Phinthong<\/strong>  <small>(Tailandia, 1974)<\/small><br \/>\n2001<br \/>\nUna mondeda Thailandesa de 10 Baht y una moneda de dos Euros<br \/>\nLas monedas est\u00e1n en el bolsillo del gu\u00eda del museo. Puede pedirle que se las ense\u00f1e.<\/p>\n<p><small><a href=\"http:\/\/www.gbagency.fr\/\" rel=\"external\">(Cortes\u00eda GB Agency, Paris)<\/a><br \/>\n(Foto: Oak Taylor Smith)<\/small><\/p>\n","protected":false},"author":2,"featured_media":20438,"parent":20315,"menu_order":25,"comment_status":"open","ping_status":"open","template":"image.php","meta":{"footnotes":""},"class_list":["post-20426","page","type-page","status-publish","has-post-thumbnail","hentry"],"_links":{"self":[{"href":"https:\/\/li-mac.org\/es\/wp-json\/wp\/v2\/pages\/20426","targetHints":{"allow":["GET"]}}],"collection":[{"href":"https:\/\/li-mac.org\/es\/wp-json\/wp\/v2\/pages"}],"about":[{"href":"https:\/\/li-mac.org\/es\/wp-json\/wp\/v2\/types\/page"}],"author":[{"embeddable":true,"href":"https:\/\/li-mac.org\/es\/wp-json\/wp\/v2\/users\/2"}],"replies":[{"embeddable":true,"href":"https:\/\/li-mac.org\/es\/wp-json\/wp\/v2\/comments?post=20426"}],"version-history":[{"count":7,"href":"https:\/\/li-mac.org\/es\/wp-json\/wp\/v2\/pages\/20426\/revisions"}],"predecessor-version":[{"id":20463,"href":"https:\/\/li-mac.org\/es\/wp-json\/wp\/v2\/pages\/20426\/revisions\/20463"}],"up":[{"embeddable":true,"href":"https:\/\/li-mac.org\/es\/wp-json\/wp\/v2\/pages\/20315"}],"wp:featuredmedia":[{"embeddable":true,"href":"https:\/\/li-mac.org\/es\/wp-json\/wp\/v2\/media\/20438"}],"wp:attachment":[{"href":"https:\/\/li-mac.org\/es\/wp-json\/wp\/v2\/media?parent=20426"}],"curies":[{"name":"wp","href":"https:\/\/api.w.org\/{rel}","templated":true}]}}