{"id":20545,"date":"2014-09-16T17:31:53","date_gmt":"2014-09-16T17:31:53","guid":{"rendered":"http:\/\/li-mac.org\/?page_id=20545"},"modified":"2014-09-22T15:26:56","modified_gmt":"2014-09-22T15:26:56","slug":"open-circuits","status":"publish","type":"page","link":"https:\/\/li-mac.org\/es\/collection\/limac-collection\/gina-arizpe\/works\/open-circuits\/","title":{"rendered":"Circuitos abiertos"},"content":{"rendered":"<p>Trasladar las im\u00e1genes contenidas en el sistema de circuito cerrado del hotel hacia el exterior del edificio, proyectando las im\u00e1genes del video en la fachada que reflejan la actividad continua en el interior del edificio. Los sistemas de seguridad son instrumentos de vigilancia que producen informaci\u00f3n de \u00edndole privado, utilizada para el control de las actividades laborales dentro del hotel. En este sentido, se propone un ejercicio sobre la conversi\u00f3n de dicha informaci\u00f3n privada hacia la esfera p\u00fablica, con tal suerte que el debate ya tradicional entre lo p\u00fablico y lo privado quedar\u00eda al desnudo, as\u00ed como los mecanismos de seguridad como generadores de im\u00e1genes de control. Para esto se propone desviar la imagen que producen las c\u00e1maras de circuito cerrado y proyectarlas sobre la superficie de cristal de la fachada, convirtiendo al edificio &lt;en el mismo&gt;, en un gran monitor de seguridad.<\/p>","protected":false},"excerpt":{"rendered":"<p><strong>Gina Arizpe<\/strong> <small>(Mexico, 1972)<\/small><br \/>\n2011<br \/>\nIntervenci\u00f3n sobre la fachada del Hotel Habita en la Ciudad de M\u00e9xico.<\/p>\n<p><small><a href=\"http:\/\/www.ginaarizpe.com\/\" rel=\"external\">(Cortes\u00eda del artista)<\/a><\/small><\/p>\n","protected":false},"author":2,"featured_media":20602,"parent":20541,"menu_order":0,"comment_status":"open","ping_status":"open","template":"image.php","meta":{"footnotes":""},"class_list":["post-20545","page","type-page","status-publish","has-post-thumbnail","hentry"],"_links":{"self":[{"href":"https:\/\/li-mac.org\/es\/wp-json\/wp\/v2\/pages\/20545","targetHints":{"allow":["GET"]}}],"collection":[{"href":"https:\/\/li-mac.org\/es\/wp-json\/wp\/v2\/pages"}],"about":[{"href":"https:\/\/li-mac.org\/es\/wp-json\/wp\/v2\/types\/page"}],"author":[{"embeddable":true,"href":"https:\/\/li-mac.org\/es\/wp-json\/wp\/v2\/users\/2"}],"replies":[{"embeddable":true,"href":"https:\/\/li-mac.org\/es\/wp-json\/wp\/v2\/comments?post=20545"}],"version-history":[{"count":10,"href":"https:\/\/li-mac.org\/es\/wp-json\/wp\/v2\/pages\/20545\/revisions"}],"predecessor-version":[{"id":20609,"href":"https:\/\/li-mac.org\/es\/wp-json\/wp\/v2\/pages\/20545\/revisions\/20609"}],"up":[{"embeddable":true,"href":"https:\/\/li-mac.org\/es\/wp-json\/wp\/v2\/pages\/20541"}],"wp:featuredmedia":[{"embeddable":true,"href":"https:\/\/li-mac.org\/es\/wp-json\/wp\/v2\/media\/20602"}],"wp:attachment":[{"href":"https:\/\/li-mac.org\/es\/wp-json\/wp\/v2\/media?parent=20545"}],"curies":[{"name":"wp","href":"https:\/\/api.w.org\/{rel}","templated":true}]}}