{"id":20565,"date":"2014-09-16T18:23:11","date_gmt":"2014-09-16T18:23:11","guid":{"rendered":"http:\/\/li-mac.org\/?page_id=20565"},"modified":"2014-09-17T18:38:17","modified_gmt":"2014-09-17T18:38:17","slug":"working-tools-fakirs","status":"publish","type":"page","link":"https:\/\/li-mac.org\/es\/collection\/limac-collection\/gina-arizpe\/works\/working-tools-fakirs\/","title":{"rendered":"Instrumentos de trabajo (Fakires)"},"content":{"rendered":"<p>Se entro en contacto con algunos chicos que trabajan, como fakires en el metro de la ciudad de Mexico, se les propuso la compra de sus instrumentos de trabajo (camiseta y vidrios de botella), se les grabo repitiendo el discurso que repiten cada vez que presentan su acto, al decontextualizar las palabras de la acci\u00f3n intento problematizar la idea de la acci\u00f3n enlazada al discurso, la palabra cuando esta vacia de la acci\u00f3n muestra su verdadera intencionalidad.<\/p>","protected":false},"excerpt":{"rendered":"<p><strong>Gina Arizpe<\/strong> <small>(Mexico, 1972)<\/small><br \/>\n2012<br \/>\nInstalaci\u00f3n registro fotografico<\/p>\n<p><small><a href=\"http:\/\/www.ginaarizpe.com\/\" rel=\"external\">(Cortes\u00eda del artista)<\/a><\/small><\/p>\n","protected":false},"author":2,"featured_media":20564,"parent":20541,"menu_order":17,"comment_status":"open","ping_status":"open","template":"image.php","meta":{"footnotes":""},"class_list":["post-20565","page","type-page","status-publish","has-post-thumbnail","hentry"],"_links":{"self":[{"href":"https:\/\/li-mac.org\/es\/wp-json\/wp\/v2\/pages\/20565","targetHints":{"allow":["GET"]}}],"collection":[{"href":"https:\/\/li-mac.org\/es\/wp-json\/wp\/v2\/pages"}],"about":[{"href":"https:\/\/li-mac.org\/es\/wp-json\/wp\/v2\/types\/page"}],"author":[{"embeddable":true,"href":"https:\/\/li-mac.org\/es\/wp-json\/wp\/v2\/users\/2"}],"replies":[{"embeddable":true,"href":"https:\/\/li-mac.org\/es\/wp-json\/wp\/v2\/comments?post=20565"}],"version-history":[{"count":7,"href":"https:\/\/li-mac.org\/es\/wp-json\/wp\/v2\/pages\/20565\/revisions"}],"predecessor-version":[{"id":20580,"href":"https:\/\/li-mac.org\/es\/wp-json\/wp\/v2\/pages\/20565\/revisions\/20580"}],"up":[{"embeddable":true,"href":"https:\/\/li-mac.org\/es\/wp-json\/wp\/v2\/pages\/20541"}],"wp:featuredmedia":[{"embeddable":true,"href":"https:\/\/li-mac.org\/es\/wp-json\/wp\/v2\/media\/20564"}],"wp:attachment":[{"href":"https:\/\/li-mac.org\/es\/wp-json\/wp\/v2\/media?parent=20565"}],"curies":[{"name":"wp","href":"https:\/\/api.w.org\/{rel}","templated":true}]}}