{"id":20581,"date":"2014-09-17T18:45:19","date_gmt":"2014-09-17T18:45:19","guid":{"rendered":"http:\/\/li-mac.org\/?page_id=20581"},"modified":"2014-09-22T15:22:36","modified_gmt":"2014-09-22T15:22:36","slug":"listing","status":"publish","type":"page","link":"https:\/\/li-mac.org\/es\/collection\/limac-collection\/gina-arizpe\/works\/listing\/","title":{"rendered":"Listado"},"content":{"rendered":"<p>Durante cinco meses se localizaron a ni\u00f1os en estado de vulnerabilidad social y econ\u00f3mica, espec\u00edficamente a ni\u00f1os que no asisten a la escuela y trabajan o viven en las calles, a los que se les propuso intercambiar sus ropas usadas por unas nuevas; esto como parte del proyecto \u201cSobre la alfombra\u201d realizado durante el a\u00f1o 2012 en el estado de Puebla, Mexico. En este proceso y ante la imposibilidad de documentar esta acci\u00f3n en fotograf\u00eda y\/o video, decid\u00ed pedir a los ni\u00f1os que escribieran su nombre en dichas prendas, para tener un registro sobre el material que fue recuperado.<\/p>\n<p>Archivo qu\u00e9 alude al retraso educativo en M\u00e9xico, la falsa idea de progreso, y por otro lado cuestiona las etiquetas que usamos para nombrar y clasificar el mundo que nos rodea.<\/p>","protected":false},"excerpt":{"rendered":"<p><strong>Gina Arizpe<\/strong> <small>(Mexico, 1972)<\/small><br \/>\n2012<br \/>\n210 trozos de tela<br \/>\nMedidas variables<\/p>\n<p><small><a href=\"http:\/\/www.ginaarizpe.com\/\" rel=\"external\">(Cortes\u00eda del artista)<\/a><\/small><\/p>\n","protected":false},"author":2,"featured_media":20604,"parent":20541,"menu_order":18,"comment_status":"open","ping_status":"open","template":"image.php","meta":{"footnotes":""},"class_list":["post-20581","page","type-page","status-publish","has-post-thumbnail","hentry"],"_links":{"self":[{"href":"https:\/\/li-mac.org\/es\/wp-json\/wp\/v2\/pages\/20581","targetHints":{"allow":["GET"]}}],"collection":[{"href":"https:\/\/li-mac.org\/es\/wp-json\/wp\/v2\/pages"}],"about":[{"href":"https:\/\/li-mac.org\/es\/wp-json\/wp\/v2\/types\/page"}],"author":[{"embeddable":true,"href":"https:\/\/li-mac.org\/es\/wp-json\/wp\/v2\/users\/2"}],"replies":[{"embeddable":true,"href":"https:\/\/li-mac.org\/es\/wp-json\/wp\/v2\/comments?post=20581"}],"version-history":[{"count":7,"href":"https:\/\/li-mac.org\/es\/wp-json\/wp\/v2\/pages\/20581\/revisions"}],"predecessor-version":[{"id":20607,"href":"https:\/\/li-mac.org\/es\/wp-json\/wp\/v2\/pages\/20581\/revisions\/20607"}],"up":[{"embeddable":true,"href":"https:\/\/li-mac.org\/es\/wp-json\/wp\/v2\/pages\/20541"}],"wp:featuredmedia":[{"embeddable":true,"href":"https:\/\/li-mac.org\/es\/wp-json\/wp\/v2\/media\/20604"}],"wp:attachment":[{"href":"https:\/\/li-mac.org\/es\/wp-json\/wp\/v2\/media?parent=20581"}],"curies":[{"name":"wp","href":"https:\/\/api.w.org\/{rel}","templated":true}]}}