{"id":20596,"date":"2014-09-17T19:20:11","date_gmt":"2014-09-17T19:20:11","guid":{"rendered":"http:\/\/li-mac.org\/?page_id=20596"},"modified":"2014-09-22T15:55:13","modified_gmt":"2014-09-22T15:55:13","slug":"textile-rug-social-bill","status":"publish","type":"page","link":"https:\/\/li-mac.org\/es\/collection\/limac-collection\/gina-arizpe\/works\/textile-rug-social-bill\/","title":{"rendered":"Tapetes textiles \/ Facturas sociales"},"content":{"rendered":"<p>Proyecto para la realizaci\u00f3n de textiles con materiales (ropa) obtenidos de la interacci\u00f3n con grupos sociales en estado de marginaci\u00f3n en este caso un grupo poblacional flotante en la ciudad de Los \u00c1ngeles, Ca.<\/p>\n<p>Espec\u00edficamente tom\u00e9 como punto de partida espacio de trabajo las calles del centro de la ciudad, en un \u00e1rea llamada Central City East, m\u00e1s conocido como Skid Row, espacio que cuenta con una poblaci\u00f3n flotante estimada de alrededor 10,000 personas que pernoctan en la calle o en refugios de la zona, cabe mencionar que Skid Row se encuentra a escasas cuadras del Distrito financiero as\u00ed como de el centro hist\u00f3rico de la ciudad, en donde se encuentran diferentes oficinas de gobierno, es un territorio \u201colvidado\u201d que congrega a una creciente poblaci\u00f3n de personas en estado de calle.<\/p>\n<p>El procedimiento para la recuperaci\u00f3n de material fue el trueque, decid\u00ed condicionar la entrega de ropa, el procedimiento fue acercarme y preguntar si quer\u00edan una camiseta limpia, si la respuesta era positiva les ped\u00eda a cambio la camisa que usaban, muchos se negaron por diferentes razones como que les gustaba m\u00e1s la que tra\u00edan puesta \u00f3 no se quer\u00edan quitar la camisa.<\/p>\n<p>Constru\u00ed un telar en donde confeccione los cinco tapetes, cada uno con la camisa de una sola persona, decid\u00ed no mezclarlos y otorgarles cierta individualidad. Es importante para mi que cada uno de los textiles mantuviera impregnada la historia anterior a ser transformados en otro objeto de uso, un tapete.<\/p>\n<p>Para mi era importante regresar a la ciudad de Los \u00c1ngeles colocar el tapete en el espacio p\u00fablico de la ciudad, ponerlo a prueba, buscar colocarlo al frente de algunos edificios que representasen el poder pol\u00edtico, econ\u00f3mico o cultural, en un primer acercamiento se logro colocar y fotografiar en los siguientes espacios:<\/p>\n<p>* Los Angeles City Hall<br \/>\n* Los Angeles Police Department<br \/>\n* Los Angeles Times<br \/>\n* Us Bank Tower<br \/>\n* The Armand Hammer Museum of Art and Cultural Center<\/p>","protected":false},"excerpt":{"rendered":"<p><strong>Gina Arizpe<\/strong> <small>(Mexico, 1972)<\/small><br \/>\n2011<\/p>\n<p><small><a href=\"http:\/\/www.ginaarizpe.com\/\" rel=\"external\">(Cortes\u00eda del artista)<\/a><\/small><\/p>\n","protected":false},"author":2,"featured_media":20586,"parent":20541,"menu_order":9,"comment_status":"open","ping_status":"open","template":"image.php","meta":{"footnotes":""},"class_list":["post-20596","page","type-page","status-publish","has-post-thumbnail","hentry"],"_links":{"self":[{"href":"https:\/\/li-mac.org\/es\/wp-json\/wp\/v2\/pages\/20596","targetHints":{"allow":["GET"]}}],"collection":[{"href":"https:\/\/li-mac.org\/es\/wp-json\/wp\/v2\/pages"}],"about":[{"href":"https:\/\/li-mac.org\/es\/wp-json\/wp\/v2\/types\/page"}],"author":[{"embeddable":true,"href":"https:\/\/li-mac.org\/es\/wp-json\/wp\/v2\/users\/2"}],"replies":[{"embeddable":true,"href":"https:\/\/li-mac.org\/es\/wp-json\/wp\/v2\/comments?post=20596"}],"version-history":[{"count":6,"href":"https:\/\/li-mac.org\/es\/wp-json\/wp\/v2\/pages\/20596\/revisions"}],"predecessor-version":[{"id":20613,"href":"https:\/\/li-mac.org\/es\/wp-json\/wp\/v2\/pages\/20596\/revisions\/20613"}],"up":[{"embeddable":true,"href":"https:\/\/li-mac.org\/es\/wp-json\/wp\/v2\/pages\/20541"}],"wp:featuredmedia":[{"embeddable":true,"href":"https:\/\/li-mac.org\/es\/wp-json\/wp\/v2\/media\/20586"}],"wp:attachment":[{"href":"https:\/\/li-mac.org\/es\/wp-json\/wp\/v2\/media?parent=20596"}],"curies":[{"name":"wp","href":"https:\/\/api.w.org\/{rel}","templated":true}]}}