{"id":20687,"date":"2014-10-03T16:21:36","date_gmt":"2014-10-03T16:21:36","guid":{"rendered":"http:\/\/li-mac.org\/?page_id=20687"},"modified":"2014-10-06T17:50:31","modified_gmt":"2014-10-06T17:50:31","slug":"xx-xix-xxi","status":"publish","type":"page","link":"https:\/\/li-mac.org\/es\/collection\/limac-collection\/irene-de-andres\/works\/xx-xix-xxi\/","title":{"rendered":"XX XIX XXI"},"content":{"rendered":"<p>Un di\u00e1logo fue creado a partir de im\u00e1genes de barcos y naufragios encontradas en libros antiguos y en internet. Unas de las fotograf\u00edas pertenecen a un libro del siglo XIX encontrado en Londres: \u2018The Wanderer\u2019 de John Masefield , que narra la vida de un nav\u00edo. Las fotograf\u00edas del siglo XX corresponden a un libro encontrado en Brno, Rep\u00fablica Checa, sobre la Batalla del Atl\u00e1ntico. Las im\u00e1genes que hacen referencia al siglo XXI han sido extra\u00eddas de la pel\u00edcula \u2018Film Socialisme\u2019 de Jean Luc Godard y de internet sobre el naufragio del Costa Concordia (13\/01\/2012).<\/p>\n<p>Este proyecto fue producido con el apoyo del <strong>Premio Circuitos de Artes Pl\u00e1sticas de la Comunidad de Madrid 2013.<\/strong><\/p>","protected":false},"excerpt":{"rendered":"<p><strong>Irene de Andr\u00e9s<\/strong> <small>(Espa\u00f1a, 1986)<\/small><br \/>\n2012<br \/>\n3 marcos con paspart\u00fa de 50 x 70 cm.<br \/>\nImpresiones en tintas pigmentadas sobre papel chino encolado y papel fotogr\u00e1fico<\/p>\n<p><small><a href=\"http:\/\/irenedeandres.com\/\" rel=\"external\">(Cortes\u00eda del artista)<\/a><\/small><\/p>\n","protected":false},"author":2,"featured_media":20676,"parent":20653,"menu_order":11,"comment_status":"open","ping_status":"open","template":"image.php","meta":{"footnotes":""},"class_list":["post-20687","page","type-page","status-publish","has-post-thumbnail","hentry"],"_links":{"self":[{"href":"https:\/\/li-mac.org\/es\/wp-json\/wp\/v2\/pages\/20687","targetHints":{"allow":["GET"]}}],"collection":[{"href":"https:\/\/li-mac.org\/es\/wp-json\/wp\/v2\/pages"}],"about":[{"href":"https:\/\/li-mac.org\/es\/wp-json\/wp\/v2\/types\/page"}],"author":[{"embeddable":true,"href":"https:\/\/li-mac.org\/es\/wp-json\/wp\/v2\/users\/2"}],"replies":[{"embeddable":true,"href":"https:\/\/li-mac.org\/es\/wp-json\/wp\/v2\/comments?post=20687"}],"version-history":[{"count":9,"href":"https:\/\/li-mac.org\/es\/wp-json\/wp\/v2\/pages\/20687\/revisions"}],"predecessor-version":[{"id":20771,"href":"https:\/\/li-mac.org\/es\/wp-json\/wp\/v2\/pages\/20687\/revisions\/20771"}],"up":[{"embeddable":true,"href":"https:\/\/li-mac.org\/es\/wp-json\/wp\/v2\/pages\/20653"}],"wp:featuredmedia":[{"embeddable":true,"href":"https:\/\/li-mac.org\/es\/wp-json\/wp\/v2\/media\/20676"}],"wp:attachment":[{"href":"https:\/\/li-mac.org\/es\/wp-json\/wp\/v2\/media?parent=20687"}],"curies":[{"name":"wp","href":"https:\/\/api.w.org\/{rel}","templated":true}]}}