{"id":20698,"date":"2014-10-03T16:55:37","date_gmt":"2014-10-03T16:55:37","guid":{"rendered":"http:\/\/li-mac.org\/?page_id=20698"},"modified":"2014-10-06T17:46:52","modified_gmt":"2014-10-06T17:46:52","slug":"how-to-draw-a-line-on-a-passport","status":"publish","type":"page","link":"https:\/\/li-mac.org\/es\/collection\/limac-collection\/irene-de-andres\/works\/how-to-draw-a-line-on-a-passport\/","title":{"rendered":"C\u00f3mo trazar una l\u00ednea en el pasaporte"},"content":{"rendered":"<p>Este es un proyecto realizado con la imagen que aparece en la primera p\u00e1gina del pasaporte espa\u00f1ol, una calcograf\u00eda que representa las carabelas y el recorrido del primer viaje de Crist\u00f3bal Col\u00f3n a las Am\u00e9ricas. Con mi pasaporte abierto por esa p\u00e1gina realic\u00e9 una serie de acciones en lugares donde estuve el \u00faltimo a\u00f1o que mi pasaporte estaba en vigor. Las acciones fueron realizadas en las costas de Venecia, Ibiza y Lisboa. En los videos se aprecia como trato de mantener el nivel del mar por la l\u00ednea de horizonte que aparece en la imagen del pasaporte. Una marca de agua casi imperceptible sella un documento del que dependemos hoy d\u00eda para viajar \u2018libremente\u2019, aunque de esa libertad tambi\u00e9n depende la procedencia de su propietario. La imagen de la colonizaci\u00f3n est\u00e1 impresa en nuestro pasaporte. IDA<\/p>","protected":false},"excerpt":{"rendered":"<p><strong>Irene de Andr\u00e9s<\/strong> <small>(Espa\u00f1a, 1986)<\/small><br \/>\n2011- 2012<br \/>\nInstallation<br \/>\nPasaporte, proyecci\u00f3n con tres videos monocanal. DVD-PAL, 4,30 min, p\u00f3ster del Museo Naval de Madrid 34 x 24 cm and C-print papel Hahnem\u00fchle Photo Rag 305gr. 30 x 24 cm.<\/p>\n<p><small><a href=\"http:\/\/irenedeandres.com\/\" rel=\"external\">(Cortes\u00eda del artista)<\/a><\/small><\/p>\n","protected":false},"author":2,"featured_media":20667,"parent":20653,"menu_order":9,"comment_status":"open","ping_status":"open","template":"image.php","meta":{"footnotes":""},"class_list":["post-20698","page","type-page","status-publish","has-post-thumbnail","hentry"],"_links":{"self":[{"href":"https:\/\/li-mac.org\/es\/wp-json\/wp\/v2\/pages\/20698","targetHints":{"allow":["GET"]}}],"collection":[{"href":"https:\/\/li-mac.org\/es\/wp-json\/wp\/v2\/pages"}],"about":[{"href":"https:\/\/li-mac.org\/es\/wp-json\/wp\/v2\/types\/page"}],"author":[{"embeddable":true,"href":"https:\/\/li-mac.org\/es\/wp-json\/wp\/v2\/users\/2"}],"replies":[{"embeddable":true,"href":"https:\/\/li-mac.org\/es\/wp-json\/wp\/v2\/comments?post=20698"}],"version-history":[{"count":8,"href":"https:\/\/li-mac.org\/es\/wp-json\/wp\/v2\/pages\/20698\/revisions"}],"predecessor-version":[{"id":20766,"href":"https:\/\/li-mac.org\/es\/wp-json\/wp\/v2\/pages\/20698\/revisions\/20766"}],"up":[{"embeddable":true,"href":"https:\/\/li-mac.org\/es\/wp-json\/wp\/v2\/pages\/20653"}],"wp:featuredmedia":[{"embeddable":true,"href":"https:\/\/li-mac.org\/es\/wp-json\/wp\/v2\/media\/20667"}],"wp:attachment":[{"href":"https:\/\/li-mac.org\/es\/wp-json\/wp\/v2\/media?parent=20698"}],"curies":[{"name":"wp","href":"https:\/\/api.w.org\/{rel}","templated":true}]}}