{"id":20710,"date":"2014-10-03T17:05:45","date_gmt":"2014-10-03T17:05:45","guid":{"rendered":"http:\/\/li-mac.org\/?page_id=20710"},"modified":"2014-10-06T18:01:40","modified_gmt":"2014-10-06T18:01:40","slug":"behind-the-screens","status":"publish","type":"page","link":"https:\/\/li-mac.org\/es\/collection\/limac-collection\/irene-de-andres\/works\/behind-the-screens\/","title":{"rendered":"Behind the Screens"},"content":{"rendered":"<p>Pantallas de m\u00f3viles, c\u00e1maras, port\u00e1tiles y monitores estropeados funcionan como soporte. Interviniendo los filtros que polarizan la luz del interior de estas pantallas se realizaron formas geom\u00e9tricas jugando con la refracci\u00f3n de la luz. Estos emisores y recipientes del bombardeo de im\u00e1genes se convierten en lienzos en blanco y vuelven a tener la capacidad de emitir una sola imagen. IDA<\/p>","protected":false},"excerpt":{"rendered":"<p><strong>Irene de Andr\u00e9s<\/strong> <small>(Espa\u00f1a, 1986)<\/small><br \/>\n2012<br \/>\nInstalaci\u00f3n con pantallas de tel\u00e9fonos, monitores, c\u00e1maras digitales y ordenadores intervenidas.<br \/>\nDimensiones variables <\/p>\n<p><small><a href=\"http:\/\/irenedeandres.com\/\" rel=\"external\">(Cortes\u00eda del artista)<\/a><\/small><\/p>\n","protected":false},"author":2,"featured_media":20704,"parent":20653,"menu_order":12,"comment_status":"open","ping_status":"open","template":"image.php","meta":{"footnotes":""},"class_list":["post-20710","page","type-page","status-publish","has-post-thumbnail","hentry"],"_links":{"self":[{"href":"https:\/\/li-mac.org\/es\/wp-json\/wp\/v2\/pages\/20710","targetHints":{"allow":["GET"]}}],"collection":[{"href":"https:\/\/li-mac.org\/es\/wp-json\/wp\/v2\/pages"}],"about":[{"href":"https:\/\/li-mac.org\/es\/wp-json\/wp\/v2\/types\/page"}],"author":[{"embeddable":true,"href":"https:\/\/li-mac.org\/es\/wp-json\/wp\/v2\/users\/2"}],"replies":[{"embeddable":true,"href":"https:\/\/li-mac.org\/es\/wp-json\/wp\/v2\/comments?post=20710"}],"version-history":[{"count":8,"href":"https:\/\/li-mac.org\/es\/wp-json\/wp\/v2\/pages\/20710\/revisions"}],"predecessor-version":[{"id":20777,"href":"https:\/\/li-mac.org\/es\/wp-json\/wp\/v2\/pages\/20710\/revisions\/20777"}],"up":[{"embeddable":true,"href":"https:\/\/li-mac.org\/es\/wp-json\/wp\/v2\/pages\/20653"}],"wp:featuredmedia":[{"embeddable":true,"href":"https:\/\/li-mac.org\/es\/wp-json\/wp\/v2\/media\/20704"}],"wp:attachment":[{"href":"https:\/\/li-mac.org\/es\/wp-json\/wp\/v2\/media?parent=20710"}],"curies":[{"name":"wp","href":"https:\/\/api.w.org\/{rel}","templated":true}]}}