{"id":20725,"date":"2014-10-03T17:46:32","date_gmt":"2014-10-03T17:46:32","guid":{"rendered":"http:\/\/li-mac.org\/?page_id=20725"},"modified":"2014-10-06T18:06:06","modified_gmt":"2014-10-06T18:06:06","slug":"festival-club","status":"publish","type":"page","link":"https:\/\/li-mac.org\/es\/collection\/limac-collection\/irene-de-andres\/works\/festival-club\/","title":{"rendered":"Festival Club"},"content":{"rendered":"<p>Festival Club era un complejo enorme con dos escenarios, restaurante al aire libre y hasta un peque\u00f1o coso para capeas, situado en la ladera de una monta\u00f1a de San Jos\u00e9, Ibiza. El negocio quebr\u00f3 en apenas cinco a\u00f1os, en sus treinta y seis a\u00f1os de abandono fue el escenario de<em> raves<\/em> clandestinas en los a\u00f1os ochenta y principios de los noventa; ahora naturaleza y escombros pueblan el terreno. Para este proyecto invit\u00e9 al Dj Alfredo Fiorito, uno de los protagonistas de la noche ibicenca en la d\u00e9cada de los ochenta, para que tocara un set de balearic y house en el ruinoso escenario del Festival Club. Se grab\u00f3 la sesi\u00f3n rememorando una de las raves que pudieron retumbar en ese lugar, pero esta vez sin nadie. El sonido fue recogido con unos micr\u00f3fonos a ambos lados del desvencijado grader\u00edo. A parte del video de la sesi\u00f3n el proyecto se completa con fotograf\u00edas tomadas del Festival Club y documentaci\u00f3n. IDA<\/p>\n<p>Proyecto producido gracias al premio <strong>Generaciones 2013.<\/strong><\/p>","protected":false},"excerpt":{"rendered":"<p><strong>Irene de Andr\u00e9s<\/strong> <small>(Espa\u00f1a, 1986)<\/small><br \/>\n2013<br \/>\nVideo, documentaci\u00f3n y fotograf\u00eda<\/p>\n<p><small><a href=\"http:\/\/irenedeandres.com\/\" rel=\"external\">(Cortes\u00eda del artista)<\/a><\/small><\/p>\n","protected":false},"author":2,"featured_media":20736,"parent":20653,"menu_order":13,"comment_status":"open","ping_status":"open","template":"image.php","meta":{"footnotes":""},"class_list":["post-20725","page","type-page","status-publish","has-post-thumbnail","hentry"],"_links":{"self":[{"href":"https:\/\/li-mac.org\/es\/wp-json\/wp\/v2\/pages\/20725","targetHints":{"allow":["GET"]}}],"collection":[{"href":"https:\/\/li-mac.org\/es\/wp-json\/wp\/v2\/pages"}],"about":[{"href":"https:\/\/li-mac.org\/es\/wp-json\/wp\/v2\/types\/page"}],"author":[{"embeddable":true,"href":"https:\/\/li-mac.org\/es\/wp-json\/wp\/v2\/users\/2"}],"replies":[{"embeddable":true,"href":"https:\/\/li-mac.org\/es\/wp-json\/wp\/v2\/comments?post=20725"}],"version-history":[{"count":10,"href":"https:\/\/li-mac.org\/es\/wp-json\/wp\/v2\/pages\/20725\/revisions"}],"predecessor-version":[{"id":20778,"href":"https:\/\/li-mac.org\/es\/wp-json\/wp\/v2\/pages\/20725\/revisions\/20778"}],"up":[{"embeddable":true,"href":"https:\/\/li-mac.org\/es\/wp-json\/wp\/v2\/pages\/20653"}],"wp:featuredmedia":[{"embeddable":true,"href":"https:\/\/li-mac.org\/es\/wp-json\/wp\/v2\/media\/20736"}],"wp:attachment":[{"href":"https:\/\/li-mac.org\/es\/wp-json\/wp\/v2\/media?parent=20725"}],"curies":[{"name":"wp","href":"https:\/\/api.w.org\/{rel}","templated":true}]}}