{"id":20726,"date":"2014-10-03T17:32:39","date_gmt":"2014-10-03T17:32:39","guid":{"rendered":"http:\/\/li-mac.org\/?page_id=20726"},"modified":"2014-10-06T18:08:44","modified_gmt":"2014-10-06T18:08:44","slug":"idea","status":"publish","type":"page","link":"https:\/\/li-mac.org\/es\/collection\/limac-collection\/irene-de-andres\/works\/idea\/","title":{"rendered":"Idea"},"content":{"rendered":"<p>Este proyecto se desarrolla a trav\u00e9s de la historia de la estructura inacabada de la discoteca Idea, situada en el paseo mar\u00edtimo de San Antonio, Ibiza. Una vez iniciada su construcci\u00f3n en 1987, el edificio no obtuvo la licencia de obras y quedo paralizado. Su esqueleto pas\u00f3 a formar parte del paisaje hasta abril de 2011, cuando el Ayuntamiento procedi\u00f3 a su derribo. El muro que rodeaba la ruina, del que todav\u00eda se conservan fragmentos, perteneci\u00f3 a su vez a una de las primeras discotecas al aire libre de la isla, el Playboy. A trav\u00e9s de reproducciones, collages y documentaci\u00f3n trazo un recorrido alrededor de esta estructura reflejo de los fantasmas que la industria del turismo deja tras de si. IDA<\/p>\n<p>Proyecto producido con la A<strong>yuda de Producci\u00f3n Art\u00edstica de la Comunidad de Madrid<\/strong> y la colaboraci\u00f3n de la <strong>Fundaci\u00f3n Bilbao Arte<\/strong> y el <strong>Casal Solleric<\/strong> de Palma de Mallorca.<\/p>","protected":false},"excerpt":{"rendered":"<p><strong>Irene de Andr\u00e9s<\/strong> <small>(Espa\u00f1a, 1986)<\/small><br \/>\n2013 &#8211; 2014<br \/>\nInstalaci\u00f3n con pantallas de tel\u00e9fonos, monitores, c\u00e1maras digitales y ordenadores intervenidas.<br \/>\nDimensiones variables <\/p>\n<p><small><a href=\"http:\/\/irenedeandres.com\/\" rel=\"external\">(Cortes\u00eda del artista)<\/a><\/small><\/p>\n","protected":false},"author":2,"featured_media":20705,"parent":20653,"menu_order":19,"comment_status":"open","ping_status":"open","template":"image.php","meta":{"footnotes":""},"class_list":["post-20726","page","type-page","status-publish","has-post-thumbnail","hentry"],"_links":{"self":[{"href":"https:\/\/li-mac.org\/es\/wp-json\/wp\/v2\/pages\/20726","targetHints":{"allow":["GET"]}}],"collection":[{"href":"https:\/\/li-mac.org\/es\/wp-json\/wp\/v2\/pages"}],"about":[{"href":"https:\/\/li-mac.org\/es\/wp-json\/wp\/v2\/types\/page"}],"author":[{"embeddable":true,"href":"https:\/\/li-mac.org\/es\/wp-json\/wp\/v2\/users\/2"}],"replies":[{"embeddable":true,"href":"https:\/\/li-mac.org\/es\/wp-json\/wp\/v2\/comments?post=20726"}],"version-history":[{"count":10,"href":"https:\/\/li-mac.org\/es\/wp-json\/wp\/v2\/pages\/20726\/revisions"}],"predecessor-version":[{"id":20783,"href":"https:\/\/li-mac.org\/es\/wp-json\/wp\/v2\/pages\/20726\/revisions\/20783"}],"up":[{"embeddable":true,"href":"https:\/\/li-mac.org\/es\/wp-json\/wp\/v2\/pages\/20653"}],"wp:featuredmedia":[{"embeddable":true,"href":"https:\/\/li-mac.org\/es\/wp-json\/wp\/v2\/media\/20705"}],"wp:attachment":[{"href":"https:\/\/li-mac.org\/es\/wp-json\/wp\/v2\/media?parent=20726"}],"curies":[{"name":"wp","href":"https:\/\/api.w.org\/{rel}","templated":true}]}}