{"id":2103,"date":"2011-09-04T20:17:03","date_gmt":"2011-09-04T20:17:03","guid":{"rendered":"http:\/\/li-mac.org\/wp\/"},"modified":"2012-11-21T16:45:28","modified_gmt":"2012-11-21T16:45:28","slug":"jordi-colomer-anarchitekton","status":"publish","type":"page","link":"https:\/\/li-mac.org\/es\/exhibitions\/permanent-exhibition\/phantom-limbs\/open-voids\/jordi-colomer-anarchitekton\/","title":{"rendered":"Anarchitekton (Brasilia)"},"content":{"rendered":"<p>El proyecto de Jordi Colomer Anarchitekton arranca edificios de la tierra y los hace interactuar de otra manera con la ciudad y sus ciudadanos. Este trabajo de v\u00eddeo se convierte en una acci\u00f3n donde la psicolog\u00eda del urbanismo y la vida dom\u00e9stica est\u00e1 agitada en todas direcciones. Al igual que un atleta que usa la ciudad como estadio o un manifestante que iza los edificios, el corredor rompe el cotidiano. En lugar de estar lleno de ocupantes, cada uno de los edificios esta controlado por los caminos de un hombre. En la sala de proyecci\u00f3n, el visitante se enfrenta a la misma posibilidad. Las sillas est\u00e1n colocadas de manera aleatoria para que los visitantes construyan el espacio y la perspectiva desde donde mirar esta acci\u00f3n.<\/p>","protected":false},"excerpt":{"rendered":"<p><strong>Jordi Colomer<\/strong> <small>(Espa\u00f1a, 1962)<\/small><br \/>\n2003<br \/>\nBrasilia, 3\u00b449\u00b4\u00b4<br \/>\nVideo y sala de proyecci\u00f3n<br \/>\nBetacam, digital, color<\/p>\n<p><small> <a href=\"http:\/\/www.jordicolomer.com\/\" rel=\"external\">(Cortes\u00eda del artista)<\/a><\/small><\/p>\n","protected":false},"author":2,"featured_media":1182,"parent":5794,"menu_order":663,"comment_status":"open","ping_status":"open","template":"image.php","meta":{"footnotes":""},"class_list":["post-2103","page","type-page","status-publish","has-post-thumbnail","hentry"],"_links":{"self":[{"href":"https:\/\/li-mac.org\/es\/wp-json\/wp\/v2\/pages\/2103","targetHints":{"allow":["GET"]}}],"collection":[{"href":"https:\/\/li-mac.org\/es\/wp-json\/wp\/v2\/pages"}],"about":[{"href":"https:\/\/li-mac.org\/es\/wp-json\/wp\/v2\/types\/page"}],"author":[{"embeddable":true,"href":"https:\/\/li-mac.org\/es\/wp-json\/wp\/v2\/users\/2"}],"replies":[{"embeddable":true,"href":"https:\/\/li-mac.org\/es\/wp-json\/wp\/v2\/comments?post=2103"}],"version-history":[{"count":15,"href":"https:\/\/li-mac.org\/es\/wp-json\/wp\/v2\/pages\/2103\/revisions"}],"predecessor-version":[{"id":15487,"href":"https:\/\/li-mac.org\/es\/wp-json\/wp\/v2\/pages\/2103\/revisions\/15487"}],"up":[{"embeddable":true,"href":"https:\/\/li-mac.org\/es\/wp-json\/wp\/v2\/pages\/5794"}],"wp:featuredmedia":[{"embeddable":true,"href":"https:\/\/li-mac.org\/es\/wp-json\/wp\/v2\/media\/1182"}],"wp:attachment":[{"href":"https:\/\/li-mac.org\/es\/wp-json\/wp\/v2\/media?parent=2103"}],"curies":[{"name":"wp","href":"https:\/\/api.w.org\/{rel}","templated":true}]}}