{"id":2122,"date":"2011-09-05T07:54:37","date_gmt":"2011-09-05T07:54:37","guid":{"rendered":"http:\/\/li-mac.org\/wp\/"},"modified":"2014-10-06T18:00:46","modified_gmt":"2014-10-06T18:00:46","slug":"skeleton-coast","status":"publish","type":"page","link":"https:\/\/li-mac.org\/es\/exhibitions\/permanent-exhibition\/phantom-limbs\/i-inhabited-plans\/skeleton-coast\/","title":{"rendered":"Skeleton Coast (Costa de esqueleto)"},"content":{"rendered":"<p>El boom inmobiliario que se produjo a finales de los a\u00f1os 80 en la isla Margarita en Venezuela transform\u00f3 su paisaje. Debido a los altibajos de la industria petrolera y a la corrupci\u00f3n institucional, una gran parte del proyecto tur\u00edstico fue interrumpido en plena construcci\u00f3n. La serie Skeleton Coast (Costa de esqueletos) refleja el fracaso y el coste social de estos proyectos. Edificios de apariencia moderna est\u00e1n de pie, sin vida.<\/p>","protected":false},"excerpt":{"rendered":"<p><strong>Alexander Ap\u00f3stol<\/strong> <small>(Venezuela, 1969)<\/small><br \/>\n2005<br \/>\nFotograf\u00eda digital<br \/>\n75 x 100 cm<\/p>\n<p><small>(Cortes\u00eda del artista)<\/small><\/p>\n","protected":false},"author":2,"featured_media":1209,"parent":1130,"menu_order":1086,"comment_status":"open","ping_status":"open","template":"image.php","meta":{"footnotes":""},"class_list":["post-2122","page","type-page","status-publish","has-post-thumbnail","hentry"],"_links":{"self":[{"href":"https:\/\/li-mac.org\/es\/wp-json\/wp\/v2\/pages\/2122","targetHints":{"allow":["GET"]}}],"collection":[{"href":"https:\/\/li-mac.org\/es\/wp-json\/wp\/v2\/pages"}],"about":[{"href":"https:\/\/li-mac.org\/es\/wp-json\/wp\/v2\/types\/page"}],"author":[{"embeddable":true,"href":"https:\/\/li-mac.org\/es\/wp-json\/wp\/v2\/users\/2"}],"replies":[{"embeddable":true,"href":"https:\/\/li-mac.org\/es\/wp-json\/wp\/v2\/comments?post=2122"}],"version-history":[{"count":28,"href":"https:\/\/li-mac.org\/es\/wp-json\/wp\/v2\/pages\/2122\/revisions"}],"predecessor-version":[{"id":20776,"href":"https:\/\/li-mac.org\/es\/wp-json\/wp\/v2\/pages\/2122\/revisions\/20776"}],"up":[{"embeddable":true,"href":"https:\/\/li-mac.org\/es\/wp-json\/wp\/v2\/pages\/1130"}],"wp:featuredmedia":[{"embeddable":true,"href":"https:\/\/li-mac.org\/es\/wp-json\/wp\/v2\/media\/1209"}],"wp:attachment":[{"href":"https:\/\/li-mac.org\/es\/wp-json\/wp\/v2\/media?parent=2122"}],"curies":[{"name":"wp","href":"https:\/\/api.w.org\/{rel}","templated":true}]}}