{"id":21407,"date":"2016-05-27T10:30:21","date_gmt":"2016-05-27T10:30:21","guid":{"rendered":"http:\/\/li-mac.org\/?page_id=21407"},"modified":"2016-05-27T10:40:36","modified_gmt":"2016-05-27T10:40:36","slug":"pea-hae-che-taita-roga-this-is-the-house-of-my-grandparents","status":"publish","type":"page","link":"https:\/\/li-mac.org\/es\/exhibitions\/temporary-exhibitions\/troika-hospital-mama\/works\/pea-hae-che-taita-roga-this-is-the-house-of-my-grandparents\/","title":{"rendered":"Pea ha\u00b4e che taita r\u00f3ga (Esta es la casa de mis abuelos)"},"content":{"rendered":"","protected":false},"excerpt":{"rendered":"<p><strong>Christian Bagnat<\/strong> <small>(Argentina, 1971)<\/small><br \/>\n2016<br \/>\npintura mural<br \/>\nGema y Divina dos hermanas de 9 y 13 a\u00f1os fueron el invierno pasado con su madre a Paraguay, a la provincia de Caaguaz\u00fa, a visitar a sus familiares. Meses despu\u00e9s, ya de vuelta en Cuenca, en un encuentro con las chicas les ped\u00ed que recordasen un color de la experiencia de ese viaje.<\/p>\n<p><small>(Cortes\u00eda del artista)<br \/>\n<a href=\"http:\/\/www.oaktaylorsmith.com\/\" rel=\"external\">(Fotos de Oak Taylor-Smith)<\/a><\/small><\/p>\n","protected":false},"author":2,"featured_media":21372,"parent":21359,"menu_order":4,"comment_status":"open","ping_status":"open","template":"image.php","meta":{"footnotes":""},"class_list":["post-21407","page","type-page","status-publish","has-post-thumbnail","hentry"],"_links":{"self":[{"href":"https:\/\/li-mac.org\/es\/wp-json\/wp\/v2\/pages\/21407","targetHints":{"allow":["GET"]}}],"collection":[{"href":"https:\/\/li-mac.org\/es\/wp-json\/wp\/v2\/pages"}],"about":[{"href":"https:\/\/li-mac.org\/es\/wp-json\/wp\/v2\/types\/page"}],"author":[{"embeddable":true,"href":"https:\/\/li-mac.org\/es\/wp-json\/wp\/v2\/users\/2"}],"replies":[{"embeddable":true,"href":"https:\/\/li-mac.org\/es\/wp-json\/wp\/v2\/comments?post=21407"}],"version-history":[{"count":1,"href":"https:\/\/li-mac.org\/es\/wp-json\/wp\/v2\/pages\/21407\/revisions"}],"predecessor-version":[{"id":21408,"href":"https:\/\/li-mac.org\/es\/wp-json\/wp\/v2\/pages\/21407\/revisions\/21408"}],"up":[{"embeddable":true,"href":"https:\/\/li-mac.org\/es\/wp-json\/wp\/v2\/pages\/21359"}],"wp:featuredmedia":[{"embeddable":true,"href":"https:\/\/li-mac.org\/es\/wp-json\/wp\/v2\/media\/21372"}],"wp:attachment":[{"href":"https:\/\/li-mac.org\/es\/wp-json\/wp\/v2\/media?parent=21407"}],"curies":[{"name":"wp","href":"https:\/\/api.w.org\/{rel}","templated":true}]}}