{"id":21582,"date":"2016-06-03T16:47:06","date_gmt":"2016-06-03T16:47:06","guid":{"rendered":"http:\/\/li-mac.org\/?page_id=21582"},"modified":"2016-06-16T11:21:03","modified_gmt":"2016-06-16T11:21:03","slug":"underlying-patterns","status":"publish","type":"page","link":"https:\/\/li-mac.org\/es\/exhibitions\/temporary-exhibitions\/grafization\/works\/underlying-patterns\/","title":{"rendered":"Patrones subyacentes"},"content":{"rendered":"<p><span lang=\"en\">Afiche para una exposici\u00f3n basada en la existencia que precede a la creaci\u00f3n. Entre otras cosas las improvisaciones pian\u00edsticas de la artista (que no sabe tocar el piano) grabadas en Viena sirvieron para algunos v\u00eddeos. El afiche de la exposici\u00f3n no lleg\u00f3 a imprimirse en su momento.<\/span><\/p>","protected":false},"excerpt":{"rendered":"<p><strong>Adriana Lara<\/strong>  <small>(M\u00e9xico, 1978)<\/small><br \/>\n2015<br \/>\nafiche<\/p>\n<p><small>(Cortes\u00eda del artista )<\/small><\/p>\n","protected":false},"author":2,"featured_media":21543,"parent":21570,"menu_order":1,"comment_status":"open","ping_status":"open","template":"image.php","meta":{"footnotes":""},"class_list":["post-21582","page","type-page","status-publish","has-post-thumbnail","hentry"],"_links":{"self":[{"href":"https:\/\/li-mac.org\/es\/wp-json\/wp\/v2\/pages\/21582","targetHints":{"allow":["GET"]}}],"collection":[{"href":"https:\/\/li-mac.org\/es\/wp-json\/wp\/v2\/pages"}],"about":[{"href":"https:\/\/li-mac.org\/es\/wp-json\/wp\/v2\/types\/page"}],"author":[{"embeddable":true,"href":"https:\/\/li-mac.org\/es\/wp-json\/wp\/v2\/users\/2"}],"replies":[{"embeddable":true,"href":"https:\/\/li-mac.org\/es\/wp-json\/wp\/v2\/comments?post=21582"}],"version-history":[{"count":5,"href":"https:\/\/li-mac.org\/es\/wp-json\/wp\/v2\/pages\/21582\/revisions"}],"predecessor-version":[{"id":21738,"href":"https:\/\/li-mac.org\/es\/wp-json\/wp\/v2\/pages\/21582\/revisions\/21738"}],"up":[{"embeddable":true,"href":"https:\/\/li-mac.org\/es\/wp-json\/wp\/v2\/pages\/21570"}],"wp:featuredmedia":[{"embeddable":true,"href":"https:\/\/li-mac.org\/es\/wp-json\/wp\/v2\/media\/21543"}],"wp:attachment":[{"href":"https:\/\/li-mac.org\/es\/wp-json\/wp\/v2\/media?parent=21582"}],"curies":[{"name":"wp","href":"https:\/\/api.w.org\/{rel}","templated":true}]}}