{"id":21590,"date":"2016-06-03T17:18:46","date_gmt":"2016-06-03T17:18:46","guid":{"rendered":"http:\/\/li-mac.org\/?page_id=21590"},"modified":"2016-06-16T16:53:07","modified_gmt":"2016-06-16T16:53:07","slug":"solarized-script","status":"publish","type":"page","link":"https:\/\/li-mac.org\/es\/exhibitions\/temporary-exhibitions\/grafization\/works\/solarized-script\/","title":{"rendered":"Gui\u00f3n solarizado"},"content":{"rendered":"<p><\/p>\n<pre id=\"tw-target-text\" class=\"tw-data-text vk_txt tw-ta tw-text-small\" dir=\"ltr\" data-fulltext=\"\" data-placeholder=\"Traducci\u00f3n\"><span lang=\"en\">La selecci\u00f3n de colores sirvi\u00f3 de herramienta directa para la elaboraci\u00f3n de la narraci\u00f3n y el color con que aparece cada escena de la pel\u00edcula.\r\n<\/span><\/pre>\n<p><\/p>","protected":false},"excerpt":{"rendered":"<p><strong>Christian Bagnat<\/strong>  <small>(Argentina, 1971)<\/small><br \/>\nGui\u00f3n solarizado de la pelicula de animaci\u00f3n \u00abLos empleados de Kaufmann\u00bb<\/p>\n<p><small>(Cortes\u00eda del artista)<\/small><\/p>\n","protected":false},"author":2,"featured_media":21542,"parent":21570,"menu_order":4,"comment_status":"open","ping_status":"open","template":"image.php","meta":{"footnotes":""},"class_list":["post-21590","page","type-page","status-publish","has-post-thumbnail","hentry"],"_links":{"self":[{"href":"https:\/\/li-mac.org\/es\/wp-json\/wp\/v2\/pages\/21590","targetHints":{"allow":["GET"]}}],"collection":[{"href":"https:\/\/li-mac.org\/es\/wp-json\/wp\/v2\/pages"}],"about":[{"href":"https:\/\/li-mac.org\/es\/wp-json\/wp\/v2\/types\/page"}],"author":[{"embeddable":true,"href":"https:\/\/li-mac.org\/es\/wp-json\/wp\/v2\/users\/2"}],"replies":[{"embeddable":true,"href":"https:\/\/li-mac.org\/es\/wp-json\/wp\/v2\/comments?post=21590"}],"version-history":[{"count":4,"href":"https:\/\/li-mac.org\/es\/wp-json\/wp\/v2\/pages\/21590\/revisions"}],"predecessor-version":[{"id":21746,"href":"https:\/\/li-mac.org\/es\/wp-json\/wp\/v2\/pages\/21590\/revisions\/21746"}],"up":[{"embeddable":true,"href":"https:\/\/li-mac.org\/es\/wp-json\/wp\/v2\/pages\/21570"}],"wp:featuredmedia":[{"embeddable":true,"href":"https:\/\/li-mac.org\/es\/wp-json\/wp\/v2\/media\/21542"}],"wp:attachment":[{"href":"https:\/\/li-mac.org\/es\/wp-json\/wp\/v2\/media?parent=21590"}],"curies":[{"name":"wp","href":"https:\/\/api.w.org\/{rel}","templated":true}]}}