{"id":21593,"date":"2016-06-03T17:59:57","date_gmt":"2016-06-03T17:59:57","guid":{"rendered":"http:\/\/li-mac.org\/?page_id=21593"},"modified":"2016-06-17T17:36:30","modified_gmt":"2016-06-17T17:36:30","slug":"dancing-alone","status":"publish","type":"page","link":"https:\/\/li-mac.org\/es\/exhibitions\/temporary-exhibitions\/grafization\/works\/dancing-alone\/","title":{"rendered":"Cantando solo"},"content":{"rendered":"<p>Boceto\/mapa para la obra de v\u00eddeo en dos canales \u00ab<em>Singing Alone<\/em>\u00ab, donde se puede observar varios presidentes cantando a modo de sinfon\u00eda.<\/p>\n<p>La instalaci\u00f3n se compone de un video de dos canales que muestra a presidentes de diferentes pa\u00edses cantando. Los pol\u00edticos que componen esta suerte de sinfon\u00eda son, Vladimir Putin, Bill Clinton, Barack Obama, Hugo Chavez, Raul Castro, Silvio Berlusconi, Rafael Correa, Nicol\u00e1s Maduro, Evo Morales, Tony Blair, Pablo Iglesias y Fernando Lugo. Estos videos no son falsos ni est\u00e1n manipulados, son extractos de momentos p\u00fablicos de estos pol\u00edticos en los que han decidido cantar.<\/p>\n<p><em>Singing alone<\/em> transpola la sensaci\u00f3n de caos que se respira en la pol\u00edtica global a una instalaci\u00f3n conformada por los propios residuos que ha dejado la pol\u00edtica. Este proyecto sabotea lo real usando las grietas de su paradoja, convirtiendo lo sensorial en el mecanismoque se impone sobre la intenci\u00f3n pol\u00edtica original para derrocarla. Se trata, en otraspalabras, de mostrar una sensaci\u00f3n en el marco pol\u00edtico como el error en su cadena significante. \u00bfCu\u00e1l habr\u00e1 sido el motivo de estos pol\u00edticos de renombre para decidir cantar en p\u00fablico? \u00bfUn apoyo a su discurso ideol\u00f3gico? \u00bfCrear afinidades? \u00bfUn mero capricho del ego? Fuese cual fuese el motivo no nos deja indiferentes.<\/p>\n<p style=\"text-align: right;\">Levi Orta<\/p>\n<p><\/p>","protected":false},"excerpt":{"rendered":"<p><strong>Levi Orta<\/strong>  <small>(Cuba, 1984)<\/small><br \/>\nBoceto \/ mapa <\/p>\n<p><small>(Cortes\u00eda del artista)<\/small><\/p>\n","protected":false},"author":2,"featured_media":21595,"parent":21570,"menu_order":5,"comment_status":"open","ping_status":"open","template":"image.php","meta":{"footnotes":""},"class_list":["post-21593","page","type-page","status-publish","has-post-thumbnail","hentry"],"_links":{"self":[{"href":"https:\/\/li-mac.org\/es\/wp-json\/wp\/v2\/pages\/21593","targetHints":{"allow":["GET"]}}],"collection":[{"href":"https:\/\/li-mac.org\/es\/wp-json\/wp\/v2\/pages"}],"about":[{"href":"https:\/\/li-mac.org\/es\/wp-json\/wp\/v2\/types\/page"}],"author":[{"embeddable":true,"href":"https:\/\/li-mac.org\/es\/wp-json\/wp\/v2\/users\/2"}],"replies":[{"embeddable":true,"href":"https:\/\/li-mac.org\/es\/wp-json\/wp\/v2\/comments?post=21593"}],"version-history":[{"count":4,"href":"https:\/\/li-mac.org\/es\/wp-json\/wp\/v2\/pages\/21593\/revisions"}],"predecessor-version":[{"id":21764,"href":"https:\/\/li-mac.org\/es\/wp-json\/wp\/v2\/pages\/21593\/revisions\/21764"}],"up":[{"embeddable":true,"href":"https:\/\/li-mac.org\/es\/wp-json\/wp\/v2\/pages\/21570"}],"wp:featuredmedia":[{"embeddable":true,"href":"https:\/\/li-mac.org\/es\/wp-json\/wp\/v2\/media\/21595"}],"wp:attachment":[{"href":"https:\/\/li-mac.org\/es\/wp-json\/wp\/v2\/media?parent=21593"}],"curies":[{"name":"wp","href":"https:\/\/api.w.org\/{rel}","templated":true}]}}